{"id":2975,"date":"2025-04-24T09:32:59","date_gmt":"2025-04-24T09:32:59","guid":{"rendered":"https:\/\/romainmottier-art.fr\/?post_type=product&#038;p=2975"},"modified":"2025-09-27T18:42:38","modified_gmt":"2025-09-27T18:42:38","slug":"wizard-world-1","status":"publish","type":"product","link":"https:\/\/romainmottier-art.fr\/fr\/produit\/wizard-world-1\/","title":{"rendered":"Wizard world 1"},"content":{"rendered":"<p><em>- D\u00e9couvrez un papier brillant de haute qualit\u00e9, l\u00e9ger et doux au toucher :<\/em><\/p>\n<p>Finition du papier : Surface brillante, lisse et r\u00e9fl\u00e9chissante qui am\u00e9liore le contraste et la saturation.<br data-start=\"526\" data-end=\"529\" \/>Grammage du papier : 200 g\/m\u00b2 (environ 52 lb).<br data-start=\"567\" data-end=\"570\" \/>\u00c9paisseur : environ 0,21 mm (8,1 mils).<br data-start=\"606\" data-end=\"609\" \/>Papier durable : certifi\u00e9 FSC ou \u00e9quivalent en mati\u00e8re de durabilit\u00e9 (si disponible).<\/p>\n<p>&#8212;&#8212;&#8212;&#8212;&#8212;&#8212;&#8212;&#8212;&#8212;&#8212;&#8212;&#8212;&#8212;&#8212;&#8212;&#8212;&#8212;&#8212;&#8212;&#8212;&#8212;&#8212;&#8212;&#8212;&#8212;&#8212;&#8212;&#8212;&#8212;&#8212;&#8212;&#8212;&#8212;&#8212;&#8212;&#8212;&#8211;<\/p>\n<p><em>\u2013 Notre papier mat haut de gamme est \u00e9pais, blanc et pr\u00e9sente une finition lisse et non couch\u00e9e, qui procure une sensation de douceur au toucher :<\/em><\/p>\n<p data-start=\"337\" data-end=\"627\">Finition du papier : Surface mate, lisse et non r\u00e9fl\u00e9chissante.<br data-start=\"392\" data-end=\"395\" \/>Grammage du papier : 189 g\/m\u00b2 (environ 70 lb).<br data-start=\"433\" data-end=\"436\" \/>\u00c9paisseur : environ 0,23 mm (9 mils).<br data-start=\"470\" data-end=\"473\" \/>Qualit\u00e9 d'archivage : Con\u00e7ue pour r\u00e9sister \u00e0 la d\u00e9coloration, garantissant des impressions durables et \u00e9clatantes.<br data-start=\"556\" data-end=\"559\" \/>Papier durable : Certifi\u00e9 FSC ou \u00e9quivalent pour la durabilit\u00e9.<\/p>\n<p>Apprendre \u00e0 conna\u00eetre les types de papier et leurs textures et finitions uniques <a href=\"https:\/\/www.vistaprint.com\/hub\/matte-vs-glossy?srsltid=AfmBOool7hTZAe_e_OzRMb5imPsUh_BTJDqjmpEhMKEnOc-p-rbb8pzU\">ici!<\/a>.<\/p>","protected":false},"excerpt":{"rendered":"<p>L'illustration est bas\u00e9e sur un monde fantastique que j'ai imagin\u00e9. Vendue sans cadre.<\/p>","protected":false},"featured_media":4034,"comment_status":"open","ping_status":"closed","template":"","meta":{"_kad_post_transparent":"default","_kad_post_title":"","_kad_post_layout":"default","_kad_post_sidebar_id":"","_kad_post_content_style":"default","_kad_post_vertical_padding":"default","_kad_post_feature":"","_kad_post_feature_position":"","_kad_post_header":false,"_kad_post_footer":false},"product_brand":[],"product_cat":[20],"product_tag":[23,24],"class_list":{"0":"post-2975","1":"product","2":"type-product","3":"status-publish","4":"has-post-thumbnail","6":"product_cat-print","7":"product_tag-fantasy","8":"product_tag-wizardingworld","10":"first","11":"instock","12":"taxable","13":"shipping-taxable","14":"purchasable","15":"product-type-variable","16":"has-default-attributes","17":"entry","18":"content-bg","19":"loop-entry"},"yoast_head":"<!-- This site is optimized with the Yoast SEO plugin v27.2 - https:\/\/yoast.com\/product\/yoast-seo-wordpress\/ -->\n<title>Wizard world 1 - Romain Mottier \u2013 Portfolio &amp; Shop<\/title>\n<meta name=\"robots\" content=\"index, follow, max-snippet:-1, max-image-preview:large, max-video-preview:-1\" \/>\n<link rel=\"canonical\" href=\"https:\/\/romainmottier-art.fr\/fr\/produit\/wizard-world-1\/\" \/>\n<meta property=\"og:locale\" content=\"fr_FR\" \/>\n<meta property=\"og:type\" content=\"article\" \/>\n<meta property=\"og:title\" content=\"Wizard world 1 - Romain Mottier \u2013 Portfolio &amp; Shop\" \/>\n<meta property=\"og:description\" content=\"The illustration is based on a fantasy world that I imagined. Sold without frames.\" \/>\n<meta property=\"og:url\" content=\"https:\/\/romainmottier-art.fr\/fr\/produit\/wizard-world-1\/\" \/>\n<meta property=\"og:site_name\" content=\"Romain Mottier \u2013 Portfolio &amp; Shop\" \/>\n<meta property=\"article:modified_time\" content=\"2025-09-27T18:42:38+00:00\" \/>\n<meta property=\"og:image\" content=\"https:\/\/romainmottier-art.fr\/wp-content\/uploads\/2025\/09\/WizardWorld1_Mockup5-scaled.jpg\" \/>\n\t<meta property=\"og:image:width\" content=\"2560\" \/>\n\t<meta property=\"og:image:height\" content=\"1920\" \/>\n\t<meta property=\"og:image:type\" content=\"image\/jpeg\" \/>\n<meta name=\"twitter:card\" content=\"summary_large_image\" \/>\n<meta name=\"twitter:site\" content=\"@mottier_romain\" \/>\n<meta name=\"twitter:label1\" content=\"Dur\u00e9e de lecture estim\u00e9e\" \/>\n\t<meta name=\"twitter:data1\" content=\"1 minute\" \/>\n<script type=\"application\/ld+json\" class=\"yoast-schema-graph\">{\"@context\":\"https:\/\/schema.org\",\"@graph\":[{\"@type\":\"WebPage\",\"@id\":\"https:\/\/romainmottier-art.fr\/produit\/wizard-world-1\/\",\"url\":\"https:\/\/romainmottier-art.fr\/produit\/wizard-world-1\/\",\"name\":\"Wizard world 1 - Romain Mottier \u2013 Portfolio &amp; Shop\",\"isPartOf\":{\"@id\":\"https:\/\/romainmottier-art.fr\/#website\"},\"primaryImageOfPage\":{\"@id\":\"https:\/\/romainmottier-art.fr\/produit\/wizard-world-1\/#primaryimage\"},\"image\":{\"@id\":\"https:\/\/romainmottier-art.fr\/produit\/wizard-world-1\/#primaryimage\"},\"thumbnailUrl\":\"https:\/\/romainmottier-art.fr\/wp-content\/uploads\/2025\/09\/WizardWorld1_Mockup5-scaled.jpg\",\"datePublished\":\"2025-04-24T09:32:59+00:00\",\"dateModified\":\"2025-09-27T18:42:38+00:00\",\"breadcrumb\":{\"@id\":\"https:\/\/romainmottier-art.fr\/produit\/wizard-world-1\/#breadcrumb\"},\"inLanguage\":\"fr-FR\",\"potentialAction\":[{\"@type\":\"ReadAction\",\"target\":[\"https:\/\/romainmottier-art.fr\/produit\/wizard-world-1\/\"]}]},{\"@type\":\"ImageObject\",\"inLanguage\":\"fr-FR\",\"@id\":\"https:\/\/romainmottier-art.fr\/produit\/wizard-world-1\/#primaryimage\",\"url\":\"https:\/\/romainmottier-art.fr\/wp-content\/uploads\/2025\/09\/WizardWorld1_Mockup5-scaled.jpg\",\"contentUrl\":\"https:\/\/romainmottier-art.fr\/wp-content\/uploads\/2025\/09\/WizardWorld1_Mockup5-scaled.jpg\",\"width\":2560,\"height\":1920},{\"@type\":\"BreadcrumbList\",\"@id\":\"https:\/\/romainmottier-art.fr\/produit\/wizard-world-1\/#breadcrumb\",\"itemListElement\":[{\"@type\":\"ListItem\",\"position\":1,\"name\":\"Accueil\",\"item\":\"https:\/\/romainmottier-art.fr\/\"},{\"@type\":\"ListItem\",\"position\":2,\"name\":\"Boutique\",\"item\":\"https:\/\/romainmottier-art.fr\/boutique-2\/\"},{\"@type\":\"ListItem\",\"position\":3,\"name\":\"Wizard world 1\"}]},{\"@type\":\"WebSite\",\"@id\":\"https:\/\/romainmottier-art.fr\/#website\",\"url\":\"https:\/\/romainmottier-art.fr\/\",\"name\":\"Romain Mottier \u2013 Portfolio & Shop\",\"description\":\"Portfolio d\u2019illustrations et boutique d\u2019art de Romain Mottier, artiste freelance bas\u00e9 en France.\",\"publisher\":{\"@id\":\"https:\/\/romainmottier-art.fr\/#\/schema\/person\/81f7b94ec4ddaba4ef1373803f614d39\"},\"potentialAction\":[{\"@type\":\"SearchAction\",\"target\":{\"@type\":\"EntryPoint\",\"urlTemplate\":\"https:\/\/romainmottier-art.fr\/?s={search_term_string}\"},\"query-input\":{\"@type\":\"PropertyValueSpecification\",\"valueRequired\":true,\"valueName\":\"search_term_string\"}}],\"inLanguage\":\"fr-FR\"},{\"@type\":[\"Person\",\"Organization\"],\"@id\":\"https:\/\/romainmottier-art.fr\/#\/schema\/person\/81f7b94ec4ddaba4ef1373803f614d39\",\"name\":\"Omai\",\"image\":{\"@type\":\"ImageObject\",\"inLanguage\":\"fr-FR\",\"@id\":\"https:\/\/romainmottier-art.fr\/wp-content\/uploads\/2025\/04\/Romain_icone.jpg\",\"url\":\"https:\/\/romainmottier-art.fr\/wp-content\/uploads\/2025\/04\/Romain_icone.jpg\",\"contentUrl\":\"https:\/\/romainmottier-art.fr\/wp-content\/uploads\/2025\/04\/Romain_icone.jpg\",\"width\":1662,\"height\":1663,\"caption\":\"Omai\"},\"logo\":{\"@id\":\"https:\/\/romainmottier-art.fr\/wp-content\/uploads\/2025\/04\/Romain_icone.jpg\"},\"sameAs\":[\"https:\/\/romainmottier-art.fr\",\"https:\/\/www.instagram.com\/romainmottier\/\",\"https:\/\/www.linkedin.com\/in\/romainmottier\/\",\"https:\/\/x.com\/mottier_romain\",\"https:\/\/www.youtube.com\/@romainmottier1101\"]}]}<\/script>\n<!-- \/ Yoast SEO plugin. -->","yoast_head_json":{"title":"Wizard world 1 - Romain Mottier \u2013 Portfolio &amp; Shop","robots":{"index":"index","follow":"follow","max-snippet":"max-snippet:-1","max-image-preview":"max-image-preview:large","max-video-preview":"max-video-preview:-1"},"canonical":"https:\/\/romainmottier-art.fr\/fr\/produit\/wizard-world-1\/","og_locale":"fr_FR","og_type":"article","og_title":"Wizard world 1 - Romain Mottier \u2013 Portfolio &amp; Shop","og_description":"The illustration is based on a fantasy world that I imagined. Sold without frames.","og_url":"https:\/\/romainmottier-art.fr\/fr\/produit\/wizard-world-1\/","og_site_name":"Romain Mottier \u2013 Portfolio &amp; Shop","article_modified_time":"2025-09-27T18:42:38+00:00","og_image":[{"width":2560,"height":1920,"url":"https:\/\/romainmottier-art.fr\/wp-content\/uploads\/2025\/09\/WizardWorld1_Mockup5-scaled.jpg","type":"image\/jpeg"}],"twitter_card":"summary_large_image","twitter_site":"@mottier_romain","twitter_misc":{"Dur\u00e9e de lecture estim\u00e9e":"1 minute"},"schema":{"@context":"https:\/\/schema.org","@graph":[{"@type":"WebPage","@id":"https:\/\/romainmottier-art.fr\/produit\/wizard-world-1\/","url":"https:\/\/romainmottier-art.fr\/produit\/wizard-world-1\/","name":"Wizard world 1 - Romain Mottier \u2013 Portfolio &amp; Shop","isPartOf":{"@id":"https:\/\/romainmottier-art.fr\/#website"},"primaryImageOfPage":{"@id":"https:\/\/romainmottier-art.fr\/produit\/wizard-world-1\/#primaryimage"},"image":{"@id":"https:\/\/romainmottier-art.fr\/produit\/wizard-world-1\/#primaryimage"},"thumbnailUrl":"https:\/\/romainmottier-art.fr\/wp-content\/uploads\/2025\/09\/WizardWorld1_Mockup5-scaled.jpg","datePublished":"2025-04-24T09:32:59+00:00","dateModified":"2025-09-27T18:42:38+00:00","breadcrumb":{"@id":"https:\/\/romainmottier-art.fr\/produit\/wizard-world-1\/#breadcrumb"},"inLanguage":"fr-FR","potentialAction":[{"@type":"ReadAction","target":["https:\/\/romainmottier-art.fr\/produit\/wizard-world-1\/"]}]},{"@type":"ImageObject","inLanguage":"fr-FR","@id":"https:\/\/romainmottier-art.fr\/produit\/wizard-world-1\/#primaryimage","url":"https:\/\/romainmottier-art.fr\/wp-content\/uploads\/2025\/09\/WizardWorld1_Mockup5-scaled.jpg","contentUrl":"https:\/\/romainmottier-art.fr\/wp-content\/uploads\/2025\/09\/WizardWorld1_Mockup5-scaled.jpg","width":2560,"height":1920},{"@type":"BreadcrumbList","@id":"https:\/\/romainmottier-art.fr\/produit\/wizard-world-1\/#breadcrumb","itemListElement":[{"@type":"ListItem","position":1,"name":"Accueil","item":"https:\/\/romainmottier-art.fr\/"},{"@type":"ListItem","position":2,"name":"Boutique","item":"https:\/\/romainmottier-art.fr\/boutique-2\/"},{"@type":"ListItem","position":3,"name":"Wizard world 1"}]},{"@type":"WebSite","@id":"https:\/\/romainmottier-art.fr\/#website","url":"https:\/\/romainmottier-art.fr\/","name":"Romain Mottier \u2013 Portfolio & Shop","description":"Portfolio d\u2019illustrations et boutique d\u2019art de Romain Mottier, artiste freelance bas\u00e9 en France.","publisher":{"@id":"https:\/\/romainmottier-art.fr\/#\/schema\/person\/81f7b94ec4ddaba4ef1373803f614d39"},"potentialAction":[{"@type":"SearchAction","target":{"@type":"EntryPoint","urlTemplate":"https:\/\/romainmottier-art.fr\/?s={search_term_string}"},"query-input":{"@type":"PropertyValueSpecification","valueRequired":true,"valueName":"search_term_string"}}],"inLanguage":"fr-FR"},{"@type":["Person","Organization"],"@id":"https:\/\/romainmottier-art.fr\/#\/schema\/person\/81f7b94ec4ddaba4ef1373803f614d39","name":"Omai","image":{"@type":"ImageObject","inLanguage":"fr-FR","@id":"https:\/\/romainmottier-art.fr\/wp-content\/uploads\/2025\/04\/Romain_icone.jpg","url":"https:\/\/romainmottier-art.fr\/wp-content\/uploads\/2025\/04\/Romain_icone.jpg","contentUrl":"https:\/\/romainmottier-art.fr\/wp-content\/uploads\/2025\/04\/Romain_icone.jpg","width":1662,"height":1663,"caption":"Omai"},"logo":{"@id":"https:\/\/romainmottier-art.fr\/wp-content\/uploads\/2025\/04\/Romain_icone.jpg"},"sameAs":["https:\/\/romainmottier-art.fr","https:\/\/www.instagram.com\/romainmottier\/","https:\/\/www.linkedin.com\/in\/romainmottier\/","https:\/\/x.com\/mottier_romain","https:\/\/www.youtube.com\/@romainmottier1101"]}]}},"_links":{"self":[{"href":"https:\/\/romainmottier-art.fr\/fr\/wp-json\/wp\/v2\/product\/2975","targetHints":{"allow":["GET"]}}],"collection":[{"href":"https:\/\/romainmottier-art.fr\/fr\/wp-json\/wp\/v2\/product"}],"about":[{"href":"https:\/\/romainmottier-art.fr\/fr\/wp-json\/wp\/v2\/types\/product"}],"replies":[{"embeddable":true,"href":"https:\/\/romainmottier-art.fr\/fr\/wp-json\/wp\/v2\/comments?post=2975"}],"wp:featuredmedia":[{"embeddable":true,"href":"https:\/\/romainmottier-art.fr\/fr\/wp-json\/wp\/v2\/media\/4034"}],"wp:attachment":[{"href":"https:\/\/romainmottier-art.fr\/fr\/wp-json\/wp\/v2\/media?parent=2975"}],"wp:term":[{"taxonomy":"product_brand","embeddable":true,"href":"https:\/\/romainmottier-art.fr\/fr\/wp-json\/wp\/v2\/product_brand?post=2975"},{"taxonomy":"product_cat","embeddable":true,"href":"https:\/\/romainmottier-art.fr\/fr\/wp-json\/wp\/v2\/product_cat?post=2975"},{"taxonomy":"product_tag","embeddable":true,"href":"https:\/\/romainmottier-art.fr\/fr\/wp-json\/wp\/v2\/product_tag?post=2975"}],"curies":[{"name":"wp","href":"https:\/\/api.w.org\/{rel}","templated":true}]}}