{"id":3016,"date":"2025-04-24T19:01:48","date_gmt":"2025-04-24T19:01:48","guid":{"rendered":"https:\/\/romainmottier-art.fr\/?page_id=3016"},"modified":"2025-07-21T14:49:37","modified_gmt":"2025-07-21T14:49:37","slug":"custom_orders","status":"publish","type":"page","link":"https:\/\/romainmottier-art.fr\/fr\/custom_orders\/","title":{"rendered":"Custom orders"},"content":{"rendered":"<div data-elementor-type=\"wp-page\" data-elementor-id=\"3016\" class=\"elementor elementor-3016\">\n\t\t\t\t<div class=\"elementor-element elementor-element-c628c90 e-flex e-con-boxed e-con e-parent\" data-id=\"c628c90\" data-element_type=\"container\" data-e-type=\"container\" data-settings=\"{&quot;background_background&quot;:&quot;classic&quot;}\">\n\t\t\t\t\t<div class=\"e-con-inner\">\n\t\t\t\t<div class=\"elementor-element elementor-element-94b7f55 elementor-widget elementor-widget-spacer\" data-id=\"94b7f55\" data-element_type=\"widget\" data-e-type=\"widget\" data-widget_type=\"spacer.default\">\n\t\t\t\t<div class=\"elementor-widget-container\">\n\t\t\t\t\t\t\t<div class=\"elementor-spacer\">\n\t\t\t<div class=\"elementor-spacer-inner\"><\/div>\n\t\t<\/div>\n\t\t\t\t\t\t<\/div>\n\t\t\t\t<\/div>\n\t\t\t\t\t<\/div>\n\t\t\t\t<\/div>\n\t\t<div class=\"elementor-element elementor-element-cf86565 e-flex e-con-boxed e-con e-parent\" data-id=\"cf86565\" data-element_type=\"container\" data-e-type=\"container\" data-settings=\"{&quot;background_background&quot;:&quot;classic&quot;}\">\n\t\t\t\t\t<div class=\"e-con-inner\">\n\t\t\t\t<div class=\"elementor-element elementor-element-b7e5117 elementor-widget elementor-widget-spacer\" data-id=\"b7e5117\" data-element_type=\"widget\" data-e-type=\"widget\" data-widget_type=\"spacer.default\">\n\t\t\t\t<div class=\"elementor-widget-container\">\n\t\t\t\t\t\t\t<div class=\"elementor-spacer\">\n\t\t\t<div class=\"elementor-spacer-inner\"><\/div>\n\t\t<\/div>\n\t\t\t\t\t\t<\/div>\n\t\t\t\t<\/div>\n\t\t\t\t<div class=\"elementor-element elementor-element-bb39728 elementor-widget__width-initial elementor-widget-mobile__width-initial elementor-widget elementor-widget-heading\" data-id=\"bb39728\" data-element_type=\"widget\" data-e-type=\"widget\" data-widget_type=\"heading.default\">\n\t\t\t\t<div class=\"elementor-widget-container\">\n\t\t\t\t\t<h2 class=\"elementor-heading-title elementor-size-default\">Commandes<\/h2>\t\t\t\t<\/div>\n\t\t\t\t<\/div>\n\t\t\t\t<div class=\"elementor-element elementor-element-31e93bf elementor-widget-divider--view-line elementor-widget elementor-widget-divider\" data-id=\"31e93bf\" data-element_type=\"widget\" data-e-type=\"widget\" data-widget_type=\"divider.default\">\n\t\t\t\t<div class=\"elementor-widget-container\">\n\t\t\t\t\t\t\t<div class=\"elementor-divider\">\n\t\t\t<span class=\"elementor-divider-separator\">\n\t\t\t\t\t\t<\/span>\n\t\t<\/div>\n\t\t\t\t\t\t<\/div>\n\t\t\t\t<\/div>\n\t\t\t\t<div class=\"elementor-element elementor-element-c840ba4 elementor-widget__width-initial elementor-widget-mobile__width-initial elementor-widget elementor-widget-text-editor\" data-id=\"c840ba4\" data-element_type=\"widget\" data-e-type=\"widget\" data-widget_type=\"text-editor.default\">\n\t\t\t\t<div class=\"elementor-widget-container\">\n\t\t\t\t\t\t\t\t\t<p style=\"text-align: center;\">Tu as une id\u00e9e pr\u00e9cise en t\u00eate ? Un projet personnel, tu veux faire un cadeau unique ou cr\u00e9er une illustration qui te ressemble ? Je propose des <strong>illustrations sur commande<\/strong> adapt\u00e9es \u00e0 tes envies !<\/p>\t\t\t\t\t\t\t\t<\/div>\n\t\t\t\t<\/div>\n\t\t\t\t<div class=\"elementor-element elementor-element-099663c elementor-widget elementor-widget-spacer\" data-id=\"099663c\" data-element_type=\"widget\" data-e-type=\"widget\" data-widget_type=\"spacer.default\">\n\t\t\t\t<div class=\"elementor-widget-container\">\n\t\t\t\t\t\t\t<div class=\"elementor-spacer\">\n\t\t\t<div class=\"elementor-spacer-inner\"><\/div>\n\t\t<\/div>\n\t\t\t\t\t\t<\/div>\n\t\t\t\t<\/div>\n\t\t\t\t<div class=\"elementor-element elementor-element-ffa6296 elementor-widget__width-initial elementor-widget-mobile__width-initial elementor-widget elementor-widget-text-editor\" data-id=\"ffa6296\" data-element_type=\"widget\" data-e-type=\"widget\" data-widget_type=\"text-editor.default\">\n\t\t\t\t<div class=\"elementor-widget-container\">\n\t\t\t\t\t\t\t\t\t<h4 style=\"text-align: left;\"><span style=\"color: #999999;\">Comment \u00e7a fonctionne ?<\/span><\/h4><ul style=\"text-align: left;\"><li><strong>Remplis le formulaire<\/strong> en bas de cette page avec les d\u00e9tails de ta commande.<\/li><li>Je te recontacte rapidement pour confirmer la faisabilit\u00e9, le tarif et le d\u00e9lai.<\/li><li>Une fois valid\u00e9, je commence ton illustration et t\u2019envoie un aper\u00e7u avant la version finale.<\/li><\/ul><h4 style=\"text-align: left;\"><span style=\"color: #999999;\">Tarifs indicatifs<\/span><\/h4><p style=\"text-align: left;\">Les prix varient selon la complexit\u00e9 de la commande. Voici quelques rep\u00e8res :<\/p><ul style=\"text-align: left;\"><li><strong>Sujet simple<\/strong> (1 sujet, sans fond) : \u00e0 partir de <strong>70 \u20ac<\/strong><\/li><li><strong>Sujet complexe<\/strong> (1 \u00e0 2 sujet, fond simple) : \u00e0 partir de <strong>100 \u20ac<\/strong><\/li><li style=\"text-align: left;\"><strong>Illustration d\u00e9taill\u00e9e<\/strong> (personnage, d\u00e9cor, composition) : d\u00e8s <strong><strong><strong>250 \u20ac<\/strong><\/strong><\/strong>\u00a0<\/li><li><strong>Commande personnalis\u00e9e<\/strong> Si aucun de ces prix n'est adapt\u00e9 \u00e0 ton budget, tu peux toujours me contacter afin que nous puissions essayer d'adapter la commandes \u00e0 <strong>ton budget <\/strong><em>(line, croquis...)<\/em><\/li><\/ul><p style=\"text-align: left;\"><em><img decoding=\"async\" class=\"emoji\" role=\"img\" draggable=\"false\" src=\"https:\/\/s.w.org\/images\/core\/emoji\/15.1.0\/svg\/2709.svg\" alt=\"\u2709\ufe0f\" \/> Un devis personnalis\u00e9 te sera propos\u00e9 apr\u00e8s r\u00e9ception de ta demande.<\/em><\/p><h4 style=\"text-align: left;\"><span style=\"color: #999999;\">D\u00e9lais<\/span><\/h4><p style=\"text-align: left;\">Le d\u00e9lai moyen est de <strong>1 \u00e0 3 semaines<\/strong>, selon la charge de travail et la complexit\u00e9. Si tu as une <strong>deadline pr\u00e9cise<\/strong>, pense \u00e0 la mentionner dans le formulaire !<\/p><h4 style=\"text-align: left;\"><span style=\"color: #999999;\">Droits d\u2019usage<\/span><\/h4><ul style=\"text-align: left;\"><li><strong>Usage personnel uniquement<\/strong>: avatar, impression priv\u00e9e, cadeau, etc.<\/li><li>Pour un usage <strong>commercial ou professionnel<\/strong>, merci de le pr\u00e9ciser \u2014 un tarif adapt\u00e9 te sera propos\u00e9.<\/li><\/ul><h4 style=\"text-align: left;\"><img decoding=\"async\" class=\"emoji\" role=\"img\" draggable=\"false\" src=\"https:\/\/s.w.org\/images\/core\/emoji\/15.1.0\/svg\/270d.svg\" alt=\"\u270d\ufe0f\" \/> <span style=\"color: #999999;\">Pr\u00eat\u00b7e \u00e0 commander ?<\/span><\/h4><p style=\"text-align: left;\">Remplis le formulaire ci-dessous, et je reviendrai vers toi au plus vite<img decoding=\"async\" class=\"emoji\" role=\"img\" draggable=\"false\" src=\"https:\/\/s.w.org\/images\/core\/emoji\/15.1.0\/svg\/2728.svg\" alt=\"\u2728\" \/><\/p><p style=\"text-align: left;\"><img decoding=\"async\" class=\"alignnone size-medium wp-image-12\" src=\"https:\/\/romainmottier-art.fr\/wp-content\/uploads\/2025\/04\/Groupe-de-masques-1-300x80.png\" alt=\"\" width=\"300\" height=\"80\" srcset=\"https:\/\/romainmottier-art.fr\/wp-content\/uploads\/2025\/04\/Groupe-de-masques-1-300x80.png 300w, https:\/\/romainmottier-art.fr\/wp-content\/uploads\/2025\/04\/Groupe-de-masques-1-600x160.png 600w, https:\/\/romainmottier-art.fr\/wp-content\/uploads\/2025\/04\/Groupe-de-masques-1-1024x274.png 1024w, https:\/\/romainmottier-art.fr\/wp-content\/uploads\/2025\/04\/Groupe-de-masques-1-768x205.png 768w, https:\/\/romainmottier-art.fr\/wp-content\/uploads\/2025\/04\/Groupe-de-masques-1-1536x411.png 1536w, https:\/\/romainmottier-art.fr\/wp-content\/uploads\/2025\/04\/Groupe-de-masques-1.png 1927w\" sizes=\"(max-width: 300px) 100vw, 300px\" \/><\/p><p style=\"text-align: left;\">\n<div class=\"wpcf7 no-js\" id=\"wpcf7-f3023-o1\" lang=\"fr-FR\" dir=\"ltr\" data-wpcf7-id=\"3023\">\n<div class=\"screen-reader-response\"><p role=\"status\" aria-live=\"polite\" aria-atomic=\"true\"><\/p> <ul><\/ul><\/div>\n<form action=\"\/fr\/wp-json\/wp\/v2\/pages\/3016#wpcf7-f3023-o1\" method=\"post\" class=\"wpcf7-form init\" aria-label=\"Formulaire de contact\" enctype=\"multipart\/form-data\" novalidate=\"novalidate\" data-status=\"init\" data-trp-original-action=\"\/fr\/wp-json\/wp\/v2\/pages\/3016#wpcf7-f3023-o1\">\n<fieldset class=\"hidden-fields-container\"><input type=\"hidden\" name=\"_wpcf7\" value=\"3023\" \/><input type=\"hidden\" name=\"_wpcf7_version\" value=\"6.1.5\" \/><input type=\"hidden\" name=\"_wpcf7_locale\" value=\"fr_FR\" \/><input type=\"hidden\" name=\"_wpcf7_unit_tag\" value=\"wpcf7-f3023-o1\" \/><input type=\"hidden\" name=\"_wpcf7_container_post\" value=\"0\" \/><input type=\"hidden\" name=\"_wpcf7_posted_data_hash\" value=\"\" \/>\n<\/fieldset>\n<p><label> Nom complet<br \/>\n<span class=\"wpcf7-form-control-wrap\" data-name=\"votre-nom\"><input size=\"40\" maxlength=\"400\" class=\"wpcf7-form-control wpcf7-text wpcf7-validates-as-required\" aria-required=\"true\" aria-invalid=\"false\" placeholder=\"Jean Bombeur\" value=\"\" type=\"text\" name=\"votre-nom\" \/><\/span> <\/label>\n<\/p>\n<p><label> Adresse e-mail<br \/>\n<span class=\"wpcf7-form-control-wrap\" data-name=\"votre-email\"><input size=\"40\" maxlength=\"400\" class=\"wpcf7-form-control wpcf7-email wpcf7-validates-as-required wpcf7-text wpcf7-validates-as-email\" aria-required=\"true\" aria-invalid=\"false\" placeholder=\"JeanBombeur@gmail.com\" value=\"\" type=\"email\" name=\"votre-email\" \/><\/span> <\/label>\n<\/p>\n<p><label> Type de commande<br \/>\n<span class=\"wpcf7-form-control-wrap\" data-name=\"type-commande\"><select class=\"wpcf7-form-control wpcf7-select wpcf7-validates-as-required\" aria-required=\"true\" aria-invalid=\"false\" name=\"type-commande\"><option value=\"Simple subject\">Sujet simple<\/option><option value=\"Complex subject\">Sujet complexe<\/option><option value=\"Detailed illustration\">Illustration d\u00e9taill\u00e9e<\/option><option value=\"Tailored commission\">Commande personnalis\u00e9e<\/option><\/select><\/span> <\/label>\n<\/p>\n<p><label> D\u00e9tails de la demande<br \/>\n<span class=\"wpcf7-form-control-wrap\" data-name=\"details\"><textarea cols=\"40\" rows=\"10\" maxlength=\"2000\" class=\"wpcf7-form-control wpcf7-textarea wpcf7-validates-as-required\" aria-required=\"true\" aria-invalid=\"false\" placeholder=\"D\u00e9cris ta commande ici (pose, ambiance, style...)\" name=\"details\"><\/textarea><\/span> <\/label>\n<\/p>\n<p><label> Lien vers des r\u00e9f\u00e9rences (optionnel)<br \/>\n<span class=\"wpcf7-form-control-wrap\" data-name=\"reference\"><input size=\"40\" maxlength=\"400\" class=\"wpcf7-form-control wpcf7-url wpcf7-text wpcf7-validates-as-url\" aria-invalid=\"false\" value=\"\" type=\"url\" name=\"reference\" \/><\/span> <\/label>\n<\/p>\n<p><label> Deadline souhait\u00e9e (optionnel)<br \/>\n<span class=\"wpcf7-form-control-wrap\" data-name=\"deadline\"><input size=\"40\" maxlength=\"400\" class=\"wpcf7-form-control wpcf7-text\" aria-invalid=\"false\" placeholder=\"Ex: avant le 15 mai\" value=\"\" type=\"text\" name=\"deadline\" \/><\/span> <\/label>\n<\/p>\n<p><span class=\"wpcf7-form-control-wrap\" data-name=\"usage-obligatoire\"><span class=\"wpcf7-form-control wpcf7-radio\"><span class=\"wpcf7-list-item first\"><label><input type=\"radio\" name=\"usage-obligatoire\" value=\"Personal use\" \/><span class=\"wpcf7-list-item-label\">Usage personnel<\/span><\/label><\/span><span class=\"wpcf7-list-item last\"><label><input type=\"radio\" name=\"usage-obligatoire\" value=\"Commercial use\" \/><span class=\"wpcf7-list-item-label\">Usage commercial<\/span><\/label><\/span><\/span><\/span>\n<\/p>\n<p><span class=\"wpcf7-form-control-wrap\" data-name=\"file-695\"><input size=\"40\" class=\"wpcf7-form-control wpcf7-file\" accept=\"audio\/*,video\/*,image\/*\" aria-invalid=\"false\" type=\"file\" name=\"file-695\" \/><\/span>\n<\/p>\n<p>&#8212;&#8212;&#8212;&#8212;&#8212;&#8212;&#8212;&#8212;&#8212;&#8212;&#8212;&#8212;&#8212;&#8212;&#8212;&#8212;&#8212;&#8212;&#8212;&#8212;&#8212;&#8212;&#8212;&#8212;&#8212;&#8212;\n<\/p>\n<p><input class=\"wpcf7-form-control wpcf7-submit has-spinner\" type=\"submit\" value=\"Envoyer ma demande\" \/>\n<\/p><p style=\"display: none !important;\" class=\"akismet-fields-container\" data-prefix=\"_wpcf7_ak_\"><label>&#916;<textarea name=\"_wpcf7_ak_hp_textarea\" cols=\"45\" rows=\"8\" maxlength=\"100\"><\/textarea><\/label><input type=\"hidden\" id=\"ak_js_1\" name=\"_wpcf7_ak_js\" value=\"198\"\/><script>document.getElementById( \"ak_js_1\" ).setAttribute( \"value\", ( new Date() ).getTime() );<\/script><\/p><div class=\"wpcf7-response-output\" aria-hidden=\"true\"><\/div>\n<input type=\"hidden\" name=\"trp-form-language\" value=\"fr\"\/><\/form>\n<\/div>\n<\/p>\t\t\t\t\t\t\t\t<\/div>\n\t\t\t\t<\/div>\n\t\t\t\t\t<\/div>\n\t\t\t\t<\/div>\n\t\t<div class=\"elementor-element elementor-element-ac8b83d e-flex e-con-boxed e-con e-parent\" data-id=\"ac8b83d\" data-element_type=\"container\" data-e-type=\"container\" data-settings=\"{&quot;background_background&quot;:&quot;classic&quot;}\">\n\t\t\t\t\t<div class=\"e-con-inner\">\n\t\t\t\t<div class=\"elementor-element elementor-element-183d3bb elementor-widget elementor-widget-spacer\" data-id=\"183d3bb\" data-element_type=\"widget\" data-e-type=\"widget\" data-widget_type=\"spacer.default\">\n\t\t\t\t<div class=\"elementor-widget-container\">\n\t\t\t\t\t\t\t<div class=\"elementor-spacer\">\n\t\t\t<div class=\"elementor-spacer-inner\"><\/div>\n\t\t<\/div>\n\t\t\t\t\t\t<\/div>\n\t\t\t\t<\/div>\n\t\t\t\t\t<\/div>\n\t\t\t\t<\/div>\n\t\t\t\t<\/div>","protected":false},"excerpt":{"rendered":"<p>Commission Do you have a specific idea in mind? A personal project, want to make a unique gift, or just want an illustration that reflects your personality? I offer custom illustrations tailored to your desires! How does it work? Fill out the form at the bottom of this page with your order details. I&#8217;ll get&#8230;<\/p>","protected":false},"author":1,"featured_media":0,"parent":0,"menu_order":0,"comment_status":"closed","ping_status":"closed","template":"elementor_header_footer","meta":{"_kad_post_transparent":"","_kad_post_title":"hide","_kad_post_layout":"fullwidth","_kad_post_sidebar_id":"","_kad_post_content_style":"unboxed","_kad_post_vertical_padding":"hide","_kad_post_feature":"hide","_kad_post_feature_position":"","_kad_post_header":false,"_kad_post_footer":false,"footnotes":""},"class_list":["post-3016","page","type-page","status-publish","hentry"],"yoast_head":"<!-- This site is optimized with the Yoast SEO plugin v27.2 - https:\/\/yoast.com\/product\/yoast-seo-wordpress\/ -->\n<title>Custom orders - Romain Mottier \u2013 Portfolio &amp; Shop<\/title>\n<meta name=\"description\" content=\"Explore the art of Romain Mottier: hand-crafted illustrations, exclusive art prints &amp; customized orders. Visit the online store and portfolio of a French freelance artist.\" \/>\n<meta name=\"robots\" content=\"index, follow, max-snippet:-1, max-image-preview:large, max-video-preview:-1\" \/>\n<link rel=\"canonical\" href=\"https:\/\/romainmottier-art.fr\/fr\/custom_orders\/\" \/>\n<meta property=\"og:locale\" content=\"fr_FR\" \/>\n<meta property=\"og:type\" content=\"article\" \/>\n<meta property=\"og:title\" content=\"Custom orders - Romain Mottier \u2013 Portfolio &amp; Shop\" \/>\n<meta property=\"og:description\" content=\"Explore the art of Romain Mottier: hand-crafted illustrations, exclusive art prints &amp; customized orders. Visit the online store and portfolio of a French freelance artist.\" \/>\n<meta property=\"og:url\" content=\"https:\/\/romainmottier-art.fr\/fr\/custom_orders\/\" \/>\n<meta property=\"og:site_name\" content=\"Romain Mottier \u2013 Portfolio &amp; Shop\" \/>\n<meta property=\"article:modified_time\" content=\"2025-07-21T14:49:37+00:00\" \/>\n<meta property=\"og:image\" content=\"https:\/\/s.w.org\/images\/core\/emoji\/15.1.0\/svg\/2709.svg\" \/>\n<meta name=\"twitter:card\" content=\"summary_large_image\" \/>\n<meta name=\"twitter:site\" content=\"@mottier_romain\" \/>\n<meta name=\"twitter:label1\" content=\"Dur\u00e9e de lecture estim\u00e9e\" \/>\n\t<meta name=\"twitter:data1\" content=\"3 minutes\" \/>\n<script type=\"application\/ld+json\" class=\"yoast-schema-graph\">{\"@context\":\"https:\/\/schema.org\",\"@graph\":[{\"@type\":\"WebPage\",\"@id\":\"https:\/\/romainmottier-art.fr\/custom_orders\/\",\"url\":\"https:\/\/romainmottier-art.fr\/custom_orders\/\",\"name\":\"Custom orders - Romain Mottier \u2013 Portfolio &amp; Shop\",\"isPartOf\":{\"@id\":\"https:\/\/romainmottier-art.fr\/#website\"},\"primaryImageOfPage\":{\"@id\":\"https:\/\/romainmottier-art.fr\/custom_orders\/#primaryimage\"},\"image\":{\"@id\":\"https:\/\/romainmottier-art.fr\/custom_orders\/#primaryimage\"},\"thumbnailUrl\":\"https:\/\/s.w.org\/images\/core\/emoji\/15.1.0\/svg\/2709.svg\",\"datePublished\":\"2025-04-24T19:01:48+00:00\",\"dateModified\":\"2025-07-21T14:49:37+00:00\",\"description\":\"Explore the art of Romain Mottier: hand-crafted illustrations, exclusive art prints & customized orders. Visit the online store and portfolio of a French freelance artist.\",\"breadcrumb\":{\"@id\":\"https:\/\/romainmottier-art.fr\/custom_orders\/#breadcrumb\"},\"inLanguage\":\"fr-FR\",\"potentialAction\":[{\"@type\":\"ReadAction\",\"target\":[\"https:\/\/romainmottier-art.fr\/custom_orders\/\"]}]},{\"@type\":\"ImageObject\",\"inLanguage\":\"fr-FR\",\"@id\":\"https:\/\/romainmottier-art.fr\/custom_orders\/#primaryimage\",\"url\":\"https:\/\/s.w.org\/images\/core\/emoji\/15.1.0\/svg\/2709.svg\",\"contentUrl\":\"https:\/\/s.w.org\/images\/core\/emoji\/15.1.0\/svg\/2709.svg\"},{\"@type\":\"BreadcrumbList\",\"@id\":\"https:\/\/romainmottier-art.fr\/custom_orders\/#breadcrumb\",\"itemListElement\":[{\"@type\":\"ListItem\",\"position\":1,\"name\":\"Accueil\",\"item\":\"https:\/\/romainmottier-art.fr\/\"},{\"@type\":\"ListItem\",\"position\":2,\"name\":\"Custom orders\"}]},{\"@type\":\"WebSite\",\"@id\":\"https:\/\/romainmottier-art.fr\/#website\",\"url\":\"https:\/\/romainmottier-art.fr\/\",\"name\":\"Romain Mottier \u2013 Portfolio & Shop\",\"description\":\"Portfolio d\u2019illustrations et boutique d\u2019art de Romain Mottier, artiste freelance bas\u00e9 en France.\",\"publisher\":{\"@id\":\"https:\/\/romainmottier-art.fr\/#\/schema\/person\/81f7b94ec4ddaba4ef1373803f614d39\"},\"potentialAction\":[{\"@type\":\"SearchAction\",\"target\":{\"@type\":\"EntryPoint\",\"urlTemplate\":\"https:\/\/romainmottier-art.fr\/?s={search_term_string}\"},\"query-input\":{\"@type\":\"PropertyValueSpecification\",\"valueRequired\":true,\"valueName\":\"search_term_string\"}}],\"inLanguage\":\"fr-FR\"},{\"@type\":[\"Person\",\"Organization\"],\"@id\":\"https:\/\/romainmottier-art.fr\/#\/schema\/person\/81f7b94ec4ddaba4ef1373803f614d39\",\"name\":\"Omai\",\"image\":{\"@type\":\"ImageObject\",\"inLanguage\":\"fr-FR\",\"@id\":\"https:\/\/romainmottier-art.fr\/wp-content\/uploads\/2025\/04\/Romain_icone.jpg\",\"url\":\"https:\/\/romainmottier-art.fr\/wp-content\/uploads\/2025\/04\/Romain_icone.jpg\",\"contentUrl\":\"https:\/\/romainmottier-art.fr\/wp-content\/uploads\/2025\/04\/Romain_icone.jpg\",\"width\":1662,\"height\":1663,\"caption\":\"Omai\"},\"logo\":{\"@id\":\"https:\/\/romainmottier-art.fr\/wp-content\/uploads\/2025\/04\/Romain_icone.jpg\"},\"sameAs\":[\"https:\/\/romainmottier-art.fr\",\"https:\/\/www.instagram.com\/romainmottier\/\",\"https:\/\/www.linkedin.com\/in\/romainmottier\/\",\"https:\/\/x.com\/mottier_romain\",\"https:\/\/www.youtube.com\/@romainmottier1101\"]}]}<\/script>\n<!-- \/ Yoast SEO plugin. -->","yoast_head_json":{"title":"Custom orders - Romain Mottier \u2013 Portfolio &amp; Shop","description":"Explore the art of Romain Mottier: hand-crafted illustrations, exclusive art prints & customized orders. Visit the online store and portfolio of a French freelance artist.","robots":{"index":"index","follow":"follow","max-snippet":"max-snippet:-1","max-image-preview":"max-image-preview:large","max-video-preview":"max-video-preview:-1"},"canonical":"https:\/\/romainmottier-art.fr\/fr\/custom_orders\/","og_locale":"fr_FR","og_type":"article","og_title":"Custom orders - Romain Mottier \u2013 Portfolio &amp; Shop","og_description":"Explore the art of Romain Mottier: hand-crafted illustrations, exclusive art prints & customized orders. Visit the online store and portfolio of a French freelance artist.","og_url":"https:\/\/romainmottier-art.fr\/fr\/custom_orders\/","og_site_name":"Romain Mottier \u2013 Portfolio &amp; Shop","article_modified_time":"2025-07-21T14:49:37+00:00","og_image":[{"url":"https:\/\/s.w.org\/images\/core\/emoji\/15.1.0\/svg\/2709.svg","type":"","width":"","height":""}],"twitter_card":"summary_large_image","twitter_site":"@mottier_romain","twitter_misc":{"Dur\u00e9e de lecture estim\u00e9e":"3 minutes"},"schema":{"@context":"https:\/\/schema.org","@graph":[{"@type":"WebPage","@id":"https:\/\/romainmottier-art.fr\/custom_orders\/","url":"https:\/\/romainmottier-art.fr\/custom_orders\/","name":"Custom orders - Romain Mottier \u2013 Portfolio &amp; Shop","isPartOf":{"@id":"https:\/\/romainmottier-art.fr\/#website"},"primaryImageOfPage":{"@id":"https:\/\/romainmottier-art.fr\/custom_orders\/#primaryimage"},"image":{"@id":"https:\/\/romainmottier-art.fr\/custom_orders\/#primaryimage"},"thumbnailUrl":"https:\/\/s.w.org\/images\/core\/emoji\/15.1.0\/svg\/2709.svg","datePublished":"2025-04-24T19:01:48+00:00","dateModified":"2025-07-21T14:49:37+00:00","description":"Explore the art of Romain Mottier: hand-crafted illustrations, exclusive art prints & customized orders. Visit the online store and portfolio of a French freelance artist.","breadcrumb":{"@id":"https:\/\/romainmottier-art.fr\/custom_orders\/#breadcrumb"},"inLanguage":"fr-FR","potentialAction":[{"@type":"ReadAction","target":["https:\/\/romainmottier-art.fr\/custom_orders\/"]}]},{"@type":"ImageObject","inLanguage":"fr-FR","@id":"https:\/\/romainmottier-art.fr\/custom_orders\/#primaryimage","url":"https:\/\/s.w.org\/images\/core\/emoji\/15.1.0\/svg\/2709.svg","contentUrl":"https:\/\/s.w.org\/images\/core\/emoji\/15.1.0\/svg\/2709.svg"},{"@type":"BreadcrumbList","@id":"https:\/\/romainmottier-art.fr\/custom_orders\/#breadcrumb","itemListElement":[{"@type":"ListItem","position":1,"name":"Accueil","item":"https:\/\/romainmottier-art.fr\/"},{"@type":"ListItem","position":2,"name":"Custom orders"}]},{"@type":"WebSite","@id":"https:\/\/romainmottier-art.fr\/#website","url":"https:\/\/romainmottier-art.fr\/","name":"Romain Mottier \u2013 Portfolio & Shop","description":"Portfolio d\u2019illustrations et boutique d\u2019art de Romain Mottier, artiste freelance bas\u00e9 en France.","publisher":{"@id":"https:\/\/romainmottier-art.fr\/#\/schema\/person\/81f7b94ec4ddaba4ef1373803f614d39"},"potentialAction":[{"@type":"SearchAction","target":{"@type":"EntryPoint","urlTemplate":"https:\/\/romainmottier-art.fr\/?s={search_term_string}"},"query-input":{"@type":"PropertyValueSpecification","valueRequired":true,"valueName":"search_term_string"}}],"inLanguage":"fr-FR"},{"@type":["Person","Organization"],"@id":"https:\/\/romainmottier-art.fr\/#\/schema\/person\/81f7b94ec4ddaba4ef1373803f614d39","name":"Omai","image":{"@type":"ImageObject","inLanguage":"fr-FR","@id":"https:\/\/romainmottier-art.fr\/wp-content\/uploads\/2025\/04\/Romain_icone.jpg","url":"https:\/\/romainmottier-art.fr\/wp-content\/uploads\/2025\/04\/Romain_icone.jpg","contentUrl":"https:\/\/romainmottier-art.fr\/wp-content\/uploads\/2025\/04\/Romain_icone.jpg","width":1662,"height":1663,"caption":"Omai"},"logo":{"@id":"https:\/\/romainmottier-art.fr\/wp-content\/uploads\/2025\/04\/Romain_icone.jpg"},"sameAs":["https:\/\/romainmottier-art.fr","https:\/\/www.instagram.com\/romainmottier\/","https:\/\/www.linkedin.com\/in\/romainmottier\/","https:\/\/x.com\/mottier_romain","https:\/\/www.youtube.com\/@romainmottier1101"]}]}},"_links":{"self":[{"href":"https:\/\/romainmottier-art.fr\/fr\/wp-json\/wp\/v2\/pages\/3016","targetHints":{"allow":["GET"]}}],"collection":[{"href":"https:\/\/romainmottier-art.fr\/fr\/wp-json\/wp\/v2\/pages"}],"about":[{"href":"https:\/\/romainmottier-art.fr\/fr\/wp-json\/wp\/v2\/types\/page"}],"author":[{"embeddable":true,"href":"https:\/\/romainmottier-art.fr\/fr\/wp-json\/wp\/v2\/users\/1"}],"replies":[{"embeddable":true,"href":"https:\/\/romainmottier-art.fr\/fr\/wp-json\/wp\/v2\/comments?post=3016"}],"version-history":[{"count":116,"href":"https:\/\/romainmottier-art.fr\/fr\/wp-json\/wp\/v2\/pages\/3016\/revisions"}],"predecessor-version":[{"id":3775,"href":"https:\/\/romainmottier-art.fr\/fr\/wp-json\/wp\/v2\/pages\/3016\/revisions\/3775"}],"wp:attachment":[{"href":"https:\/\/romainmottier-art.fr\/fr\/wp-json\/wp\/v2\/media?parent=3016"}],"curies":[{"name":"wp","href":"https:\/\/api.w.org\/{rel}","templated":true}]}}