{"id":256,"date":"2025-04-18T11:32:08","date_gmt":"2025-04-18T11:32:08","guid":{"rendered":"https:\/\/romainmottier-art.fr\/?page_id=256"},"modified":"2025-04-19T21:19:58","modified_gmt":"2025-04-19T21:19:58","slug":"remboursements_retours","status":"publish","type":"page","link":"https:\/\/romainmottier-art.fr\/fr\/remboursements_retours\/","title":{"rendered":"Politique en mati\u00e8re de remboursements et de retours"},"content":{"rendered":"<div data-elementor-type=\"wp-page\" data-elementor-id=\"256\" class=\"elementor elementor-256\">\n\t\t\t\t<div class=\"elementor-element elementor-element-182bd1a e-flex e-con-boxed e-con e-parent\" data-id=\"182bd1a\" data-element_type=\"container\" data-e-type=\"container\" data-settings=\"{&quot;background_background&quot;:&quot;classic&quot;}\">\n\t\t\t\t\t<div class=\"e-con-inner\">\n\t\t\t\t<div class=\"elementor-element elementor-element-a40f89f elementor-widget elementor-widget-spacer\" data-id=\"a40f89f\" data-element_type=\"widget\" data-e-type=\"widget\" data-widget_type=\"spacer.default\">\n\t\t\t\t<div class=\"elementor-widget-container\">\n\t\t\t\t\t\t\t<div class=\"elementor-spacer\">\n\t\t\t<div class=\"elementor-spacer-inner\"><\/div>\n\t\t<\/div>\n\t\t\t\t\t\t<\/div>\n\t\t\t\t<\/div>\n\t\t\t\t\t<\/div>\n\t\t\t\t<\/div>\n\t\t<div class=\"elementor-element elementor-element-3b7fd07b e-flex e-con-boxed e-con e-parent\" data-id=\"3b7fd07b\" data-element_type=\"container\" data-e-type=\"container\" data-settings=\"{&quot;background_background&quot;:&quot;classic&quot;}\">\n\t\t\t\t\t<div class=\"e-con-inner\">\n\t\t\t\t<div class=\"elementor-element elementor-element-79fa257 elementor-widget elementor-widget-spacer\" data-id=\"79fa257\" data-element_type=\"widget\" data-e-type=\"widget\" data-widget_type=\"spacer.default\">\n\t\t\t\t<div class=\"elementor-widget-container\">\n\t\t\t\t\t\t\t<div class=\"elementor-spacer\">\n\t\t\t<div class=\"elementor-spacer-inner\"><\/div>\n\t\t<\/div>\n\t\t\t\t\t\t<\/div>\n\t\t\t\t<\/div>\n\t\t\t\t<div class=\"elementor-element elementor-element-25839984 elementor-widget elementor-widget-text-editor\" data-id=\"25839984\" data-element_type=\"widget\" data-e-type=\"widget\" data-widget_type=\"text-editor.default\">\n\t\t\t\t<div class=\"elementor-widget-container\">\n\t\t\t\t\t\t\t\t\t<h2 data-start=\"226\" data-end=\"238\"><strong data-start=\"226\" data-end=\"238\">Vue d'ensemble<\/strong><\/h2><p class=\"\" data-start=\"240\" data-end=\"385\">Notre politique de retour et de remboursement dure 30 jours. Si 30 jours se sont \u00e9coul\u00e9s depuis votre achat, nous ne pouvons malheureusement pas vous offrir un remboursement complet ou un \u00e9change.<\/p><h2 data-start=\"387\" data-end=\"414\"><strong data-start=\"387\" data-end=\"414\">\u00c9ligibilit\u00e9 aux retours<\/strong><\/h2><p class=\"\" data-start=\"416\" data-end=\"563\">Pour \u00eatre \u00e9ligible \u00e0 un retour, votre article doit \u00eatre dans le m\u00eame \u00e9tat que celui dans lequel vous l'avez re\u00e7u et ne pas avoir \u00e9t\u00e9 utilis\u00e9. Il doit \u00e9galement \u00eatre dans son emballage d'origine.<\/p><h2 data-start=\"565\" data-end=\"589\"><strong data-start=\"565\" data-end=\"589\">Articles non retournables<\/strong><\/h2><p class=\"\" data-start=\"591\" data-end=\"660\">Plusieurs types de biens sont exempt\u00e9s de retour. Il s'agit notamment de :<\/p><ul data-start=\"662\" data-end=\"886\"><li class=\"\" data-start=\"662\" data-end=\"724\"><p class=\"\" data-start=\"664\" data-end=\"724\">Produits p\u00e9rissables tels que la nourriture, les fleurs ou d'autres produits consommables<\/p><\/li><li class=\"\" data-start=\"725\" data-end=\"753\"><p class=\"\" data-start=\"727\" data-end=\"753\">Articles intimes ou sanitaires<\/p><\/li><li class=\"\" data-start=\"754\" data-end=\"802\"><p class=\"\" data-start=\"756\" data-end=\"802\">Mati\u00e8res dangereuses ou liquides\/gaz inflammables<\/p><\/li><li class=\"\" data-start=\"803\" data-end=\"835\"><p class=\"\" data-start=\"805\" data-end=\"835\">Logiciels t\u00e9l\u00e9chargeables<\/p><\/li><li class=\"\" data-start=\"836\" data-end=\"873\"><p class=\"\" data-start=\"838\" data-end=\"873\">Certains articles de sant\u00e9 et de soins personnels<\/p><\/li><li class=\"\" data-start=\"874\" data-end=\"886\"><p class=\"\" data-start=\"876\" data-end=\"886\">Cartes-cadeaux<\/p><\/li><\/ul><h2 data-start=\"888\" data-end=\"909\"><strong data-start=\"888\" data-end=\"909\">Preuve d'achat<\/strong><\/h2><p class=\"\" data-start=\"911\" data-end=\"1037\">Pour effectuer votre retour, nous avons besoin d'un re\u00e7u ou d'une preuve d'achat. Ne renvoyez pas votre achat au fabricant.<\/p><h2 data-start=\"1039\" data-end=\"1058\"><strong data-start=\"1039\" data-end=\"1058\">Remboursements partiels<\/strong><\/h2><p class=\"\" data-start=\"1060\" data-end=\"1128\">Dans certaines situations, seuls des remboursements partiels sont accord\u00e9s :<\/p><ul data-start=\"1130\" data-end=\"1424\"><li class=\"\" data-start=\"1130\" data-end=\"1178\"><p class=\"\" data-start=\"1132\" data-end=\"1178\">Livres ou autres supports pr\u00e9sentant des signes \u00e9vidents d'utilisation<\/p><\/li><li class=\"\" data-start=\"1179\" data-end=\"1265\"><p class=\"\" data-start=\"1181\" data-end=\"1265\">CD, DVD, cassettes VHS, logiciels, jeux vid\u00e9o, cassettes ou disques vinyles ouverts<\/p><\/li><li class=\"\" data-start=\"1266\" data-end=\"1374\"><p class=\"\" data-start=\"1268\" data-end=\"1374\">Les articles qui ne sont pas dans leur \u00e9tat d'origine, qui sont endommag\u00e9s ou auxquels il manque des pi\u00e8ces pour des raisons qui ne sont pas dues \u00e0 une erreur de notre part.<\/p><\/li><li class=\"\" data-start=\"1375\" data-end=\"1424\"><p class=\"\" data-start=\"1377\" data-end=\"1424\">Articles retourn\u00e9s plus de 30 jours apr\u00e8s la livraison<\/p><\/li><\/ul><h2 data-start=\"1426\" data-end=\"1445\"><strong data-start=\"1426\" data-end=\"1445\">Proc\u00e9dure de remboursement<\/strong><\/h2><p class=\"\" data-start=\"1447\" data-end=\"1572\">Une fois que nous aurons re\u00e7u et inspect\u00e9 votre retour, nous vous enverrons un courrier \u00e9lectronique pour vous informer de l'approbation ou du rejet de votre remboursement.<\/p><p class=\"\" data-start=\"1574\" data-end=\"1707\">Si votre remboursement est approuv\u00e9, le cr\u00e9dit sera automatiquement appliqu\u00e9 \u00e0 votre mode de paiement initial sous un certain d\u00e9lai.<\/p><h2 data-start=\"1709\" data-end=\"1736\"><strong data-start=\"1709\" data-end=\"1736\">Remboursements tardifs ou manquants<\/strong><\/h2><p class=\"\" data-start=\"1738\" data-end=\"1786\">Si vous n'avez pas encore re\u00e7u votre remboursement, merci de :<\/p><ol data-start=\"1788\" data-end=\"1990\"><li class=\"\" data-start=\"1788\" data-end=\"1821\"><p class=\"\" data-start=\"1791\" data-end=\"1821\">V\u00e9rifiez \u00e0 nouveau votre compte bancaire.<\/p><\/li><li class=\"\" data-start=\"1822\" data-end=\"1923\"><p class=\"\" data-start=\"1825\" data-end=\"1923\">Contactez la soci\u00e9t\u00e9 qui g\u00e8re votre carte de cr\u00e9dit, car il peut s'\u00e9couler un certain temps avant que le remboursement ne soit officiellement effectu\u00e9.<\/p><\/li><li class=\"\" data-start=\"1924\" data-end=\"1990\"><p class=\"\" data-start=\"1927\" data-end=\"1990\">Contactez votre banque, car il peut y avoir un d\u00e9lai de traitement.<\/p><\/li><\/ol><p class=\"\" data-start=\"1992\" data-end=\"2108\">Si vous avez suivi ces \u00e9tapes et que vous n'avez toujours pas re\u00e7u votre remboursement, veuillez nous contacter \u00e0 l'adresse suivante <strong>shop.romainmottier.art@gmail.com<\/strong><\/p><h2 data-start=\"2110\" data-end=\"2124\"><strong data-start=\"2110\" data-end=\"2124\">Articles en vente<\/strong><\/h2><p class=\"\" data-start=\"2126\" data-end=\"2199\">Seuls les articles \u00e0 prix courant peuvent \u00eatre rembours\u00e9s. Les articles sold\u00e9s ne peuvent pas \u00eatre rembours\u00e9s.<\/p><h2 data-start=\"2201\" data-end=\"2214\"><strong data-start=\"2201\" data-end=\"2214\">\u00c9changes<\/strong><\/h2><p class=\"translation-block\" data-start=\"2216\" data-end=\"2409\">Nous ne rempla\u00e7ons les articles que s'ils sont d\u00e9fectueux ou endommag\u00e9s. Si vous souhaitez l'\u00e9changer contre le m\u00eame article, veuillez nous envoyer un courriel \u00e0 l'adresse suivante <strong>shop.romainmottier.art@gmail.com<\/strong> et envoyez votre article \u00e0 <strong>123 avenue du general leclerc 91190 Gif-sur-Yvette\u00a0<\/strong><\/p><h2 data-start=\"2411\" data-end=\"2420\"><strong data-start=\"2411\" data-end=\"2420\">Cadeaux<\/strong><\/h2><p class=\"\" data-start=\"2422\" data-end=\"2644\">Si l'article a \u00e9t\u00e9 indiqu\u00e9 comme cadeau au moment de l'achat et qu'il vous a \u00e9t\u00e9 exp\u00e9di\u00e9 directement, vous recevrez un bon d'achat correspondant \u00e0 la valeur de l'article retourn\u00e9. D\u00e8s r\u00e9ception de l'article retourn\u00e9, un ch\u00e8que-cadeau vous sera envoy\u00e9 par courrier.<\/p><p class=\"\" data-start=\"2646\" data-end=\"2858\">Si l'article n'\u00e9tait pas indiqu\u00e9 comme cadeau au moment de l'achat, ou si le destinataire du cadeau s'est fait exp\u00e9dier la commande pour vous l'offrir plus tard, nous enverrons un remboursement au destinataire du cadeau et il sera inform\u00e9 de votre retour.<\/p><h2 data-start=\"2860\" data-end=\"2880\"><strong data-start=\"2860\" data-end=\"2880\">Exp\u00e9dition et retours<\/strong><\/h2><p class=\"\" data-start=\"2882\" data-end=\"2955\">To return your product, you should mail it to <strong>123 avenue du general leclerc 91190 Gif-sur-Yvette\u00a0<\/strong><\/p><p class=\"\" data-start=\"2957\" data-end=\"3158\">Les frais d'exp\u00e9dition pour le retour de l'article sont \u00e0 votre charge. Les frais d'exp\u00e9dition ne sont pas remboursables. Si vous recevez un remboursement, les frais de retour seront d\u00e9duits de votre remboursement.<\/p><p class=\"\" data-start=\"3160\" data-end=\"3255\">En fonction de votre situation g\u00e9ographique, le d\u00e9lai d'acheminement du produit \u00e9chang\u00e9 peut varier.<\/p><p class=\"\" data-start=\"3257\" data-end=\"3424\">Pour les articles de plus grande valeur, vous pouvez utiliser un service d'exp\u00e9dition avec suivi ou souscrire une assurance d'exp\u00e9dition. Nous ne pouvons pas garantir que nous recevrons l'article retourn\u00e9.<\/p><h2 data-start=\"3426\" data-end=\"3440\"><strong data-start=\"3426\" data-end=\"3440\">Besoin d'aide ?<\/strong><\/h2><p class=\"\" data-start=\"3442\" data-end=\"3527\">Contactez-nous \u00e0 l'adresse suivante <strong>shop.romainmottier.art@gmail.com<\/strong> pour toute question concernant les remboursements et les retours.<\/p><p><!-- \/wp:paragraph --><\/p>\t\t\t\t\t\t\t\t<\/div>\n\t\t\t\t<\/div>\n\t\t\t\t<div class=\"elementor-element elementor-element-c10f0fb elementor-widget elementor-widget-spacer\" data-id=\"c10f0fb\" data-element_type=\"widget\" data-e-type=\"widget\" data-widget_type=\"spacer.default\">\n\t\t\t\t<div class=\"elementor-widget-container\">\n\t\t\t\t\t\t\t<div class=\"elementor-spacer\">\n\t\t\t<div class=\"elementor-spacer-inner\"><\/div>\n\t\t<\/div>\n\t\t\t\t\t\t<\/div>\n\t\t\t\t<\/div>\n\t\t\t\t\t<\/div>\n\t\t\t\t<\/div>\n\t\t\t\t<\/div>","protected":false},"excerpt":{"rendered":"<p>Overview Our return and refund policy last 30 days. If 30 days have passed since your purchase, unfortunately, we cannot offer a full refund or exchange. Eligibility for Returns To be eligible for a return, your item must be unused and in the same condition as when you received it. It must also be in&#8230;<\/p>","protected":false},"author":1,"featured_media":0,"parent":0,"menu_order":0,"comment_status":"closed","ping_status":"closed","template":"elementor_header_footer","meta":{"_kad_post_transparent":"","_kad_post_title":"","_kad_post_layout":"","_kad_post_sidebar_id":"","_kad_post_content_style":"","_kad_post_vertical_padding":"","_kad_post_feature":"","_kad_post_feature_position":"","_kad_post_header":false,"_kad_post_footer":false,"footnotes":""},"class_list":["post-256","page","type-page","status-publish","hentry"],"yoast_head":"<!-- This site is optimized with the Yoast SEO plugin v27.2 - https:\/\/yoast.com\/product\/yoast-seo-wordpress\/ -->\n<title>Politique en mati\u00e8re de remboursements et de retours - Romain Mottier \u2013 Portfolio &amp; Shop<\/title>\n<meta name=\"description\" content=\"Explore the art of Romain Mottier: hand-crafted illustrations, exclusive art prints &amp; customized orders. Visit the online store and portfolio of a French freelance artist.\" \/>\n<meta name=\"robots\" content=\"index, follow, max-snippet:-1, max-image-preview:large, max-video-preview:-1\" \/>\n<link rel=\"canonical\" href=\"https:\/\/romainmottier-art.fr\/fr\/remboursements_retours\/\" \/>\n<meta property=\"og:locale\" content=\"fr_FR\" \/>\n<meta property=\"og:type\" content=\"article\" \/>\n<meta property=\"og:title\" content=\"Politique en mati\u00e8re de remboursements et de retours - Romain Mottier \u2013 Portfolio &amp; Shop\" \/>\n<meta property=\"og:description\" content=\"Explore the art of Romain Mottier: hand-crafted illustrations, exclusive art prints &amp; customized orders. Visit the online store and portfolio of a French freelance artist.\" \/>\n<meta property=\"og:url\" content=\"https:\/\/romainmottier-art.fr\/fr\/remboursements_retours\/\" \/>\n<meta property=\"og:site_name\" content=\"Romain Mottier \u2013 Portfolio &amp; Shop\" \/>\n<meta property=\"article:modified_time\" content=\"2025-04-19T21:19:58+00:00\" \/>\n<meta property=\"og:image\" content=\"https:\/\/romainmottier-art.fr\/wp-content\/uploads\/2025\/05\/Pierrot_Illustration1-Croped-scaled.jpg\" \/>\n\t<meta property=\"og:image:width\" content=\"2560\" \/>\n\t<meta property=\"og:image:height\" content=\"1101\" \/>\n\t<meta property=\"og:image:type\" content=\"image\/jpeg\" \/>\n<meta name=\"twitter:card\" content=\"summary_large_image\" \/>\n<meta name=\"twitter:site\" content=\"@mottier_romain\" \/>\n<meta name=\"twitter:label1\" content=\"Dur\u00e9e de lecture estim\u00e9e\" \/>\n\t<meta name=\"twitter:data1\" content=\"3 minutes\" \/>\n<script type=\"application\/ld+json\" class=\"yoast-schema-graph\">{\"@context\":\"https:\/\/schema.org\",\"@graph\":[{\"@type\":\"WebPage\",\"@id\":\"https:\/\/romainmottier-art.fr\/remboursements_retours\/\",\"url\":\"https:\/\/romainmottier-art.fr\/remboursements_retours\/\",\"name\":\"Politique en mati\u00e8re de remboursements et de retours - Romain Mottier \u2013 Portfolio &amp; Shop\",\"isPartOf\":{\"@id\":\"https:\/\/romainmottier-art.fr\/#website\"},\"datePublished\":\"2025-04-18T11:32:08+00:00\",\"dateModified\":\"2025-04-19T21:19:58+00:00\",\"description\":\"Explore the art of Romain Mottier: hand-crafted illustrations, exclusive art prints & customized orders. Visit the online store and portfolio of a French freelance artist.\",\"breadcrumb\":{\"@id\":\"https:\/\/romainmottier-art.fr\/remboursements_retours\/#breadcrumb\"},\"inLanguage\":\"fr-FR\",\"potentialAction\":[{\"@type\":\"ReadAction\",\"target\":[\"https:\/\/romainmottier-art.fr\/remboursements_retours\/\"]}]},{\"@type\":\"BreadcrumbList\",\"@id\":\"https:\/\/romainmottier-art.fr\/remboursements_retours\/#breadcrumb\",\"itemListElement\":[{\"@type\":\"ListItem\",\"position\":1,\"name\":\"Accueil\",\"item\":\"https:\/\/romainmottier-art.fr\/\"},{\"@type\":\"ListItem\",\"position\":2,\"name\":\"Politique en mati\u00e8re de remboursements et de retours\"}]},{\"@type\":\"WebSite\",\"@id\":\"https:\/\/romainmottier-art.fr\/#website\",\"url\":\"https:\/\/romainmottier-art.fr\/\",\"name\":\"Romain Mottier \u2013 Portfolio & Shop\",\"description\":\"Portfolio d\u2019illustrations et boutique d\u2019art de Romain Mottier, artiste freelance bas\u00e9 en France.\",\"publisher\":{\"@id\":\"https:\/\/romainmottier-art.fr\/#\/schema\/person\/81f7b94ec4ddaba4ef1373803f614d39\"},\"potentialAction\":[{\"@type\":\"SearchAction\",\"target\":{\"@type\":\"EntryPoint\",\"urlTemplate\":\"https:\/\/romainmottier-art.fr\/?s={search_term_string}\"},\"query-input\":{\"@type\":\"PropertyValueSpecification\",\"valueRequired\":true,\"valueName\":\"search_term_string\"}}],\"inLanguage\":\"fr-FR\"},{\"@type\":[\"Person\",\"Organization\"],\"@id\":\"https:\/\/romainmottier-art.fr\/#\/schema\/person\/81f7b94ec4ddaba4ef1373803f614d39\",\"name\":\"Omai\",\"image\":{\"@type\":\"ImageObject\",\"inLanguage\":\"fr-FR\",\"@id\":\"https:\/\/romainmottier-art.fr\/wp-content\/uploads\/2025\/04\/Romain_icone.jpg\",\"url\":\"https:\/\/romainmottier-art.fr\/wp-content\/uploads\/2025\/04\/Romain_icone.jpg\",\"contentUrl\":\"https:\/\/romainmottier-art.fr\/wp-content\/uploads\/2025\/04\/Romain_icone.jpg\",\"width\":1662,\"height\":1663,\"caption\":\"Omai\"},\"logo\":{\"@id\":\"https:\/\/romainmottier-art.fr\/wp-content\/uploads\/2025\/04\/Romain_icone.jpg\"},\"sameAs\":[\"https:\/\/romainmottier-art.fr\",\"https:\/\/www.instagram.com\/romainmottier\/\",\"https:\/\/www.linkedin.com\/in\/romainmottier\/\",\"https:\/\/x.com\/mottier_romain\",\"https:\/\/www.youtube.com\/@romainmottier1101\"]}]}<\/script>\n<!-- \/ Yoast SEO plugin. -->","yoast_head_json":{"title":"Politique en mati\u00e8re de remboursements et de retours - Romain Mottier \u2013 Portfolio &amp; Shop","description":"Explore the art of Romain Mottier: hand-crafted illustrations, exclusive art prints & customized orders. Visit the online store and portfolio of a French freelance artist.","robots":{"index":"index","follow":"follow","max-snippet":"max-snippet:-1","max-image-preview":"max-image-preview:large","max-video-preview":"max-video-preview:-1"},"canonical":"https:\/\/romainmottier-art.fr\/fr\/remboursements_retours\/","og_locale":"fr_FR","og_type":"article","og_title":"Politique en mati\u00e8re de remboursements et de retours - Romain Mottier \u2013 Portfolio &amp; Shop","og_description":"Explore the art of Romain Mottier: hand-crafted illustrations, exclusive art prints & customized orders. Visit the online store and portfolio of a French freelance artist.","og_url":"https:\/\/romainmottier-art.fr\/fr\/remboursements_retours\/","og_site_name":"Romain Mottier \u2013 Portfolio &amp; Shop","article_modified_time":"2025-04-19T21:19:58+00:00","og_image":[{"width":2560,"height":1101,"url":"https:\/\/romainmottier-art.fr\/wp-content\/uploads\/2025\/05\/Pierrot_Illustration1-Croped-scaled.jpg","type":"image\/jpeg"}],"twitter_card":"summary_large_image","twitter_site":"@mottier_romain","twitter_misc":{"Dur\u00e9e de lecture estim\u00e9e":"3 minutes"},"schema":{"@context":"https:\/\/schema.org","@graph":[{"@type":"WebPage","@id":"https:\/\/romainmottier-art.fr\/remboursements_retours\/","url":"https:\/\/romainmottier-art.fr\/remboursements_retours\/","name":"Politique en mati\u00e8re de remboursements et de retours - Romain Mottier \u2013 Portfolio &amp; Shop","isPartOf":{"@id":"https:\/\/romainmottier-art.fr\/#website"},"datePublished":"2025-04-18T11:32:08+00:00","dateModified":"2025-04-19T21:19:58+00:00","description":"Explore the art of Romain Mottier: hand-crafted illustrations, exclusive art prints & customized orders. Visit the online store and portfolio of a French freelance artist.","breadcrumb":{"@id":"https:\/\/romainmottier-art.fr\/remboursements_retours\/#breadcrumb"},"inLanguage":"fr-FR","potentialAction":[{"@type":"ReadAction","target":["https:\/\/romainmottier-art.fr\/remboursements_retours\/"]}]},{"@type":"BreadcrumbList","@id":"https:\/\/romainmottier-art.fr\/remboursements_retours\/#breadcrumb","itemListElement":[{"@type":"ListItem","position":1,"name":"Accueil","item":"https:\/\/romainmottier-art.fr\/"},{"@type":"ListItem","position":2,"name":"Politique en mati\u00e8re de remboursements et de retours"}]},{"@type":"WebSite","@id":"https:\/\/romainmottier-art.fr\/#website","url":"https:\/\/romainmottier-art.fr\/","name":"Romain Mottier \u2013 Portfolio & Shop","description":"Portfolio d\u2019illustrations et boutique d\u2019art de Romain Mottier, artiste freelance bas\u00e9 en France.","publisher":{"@id":"https:\/\/romainmottier-art.fr\/#\/schema\/person\/81f7b94ec4ddaba4ef1373803f614d39"},"potentialAction":[{"@type":"SearchAction","target":{"@type":"EntryPoint","urlTemplate":"https:\/\/romainmottier-art.fr\/?s={search_term_string}"},"query-input":{"@type":"PropertyValueSpecification","valueRequired":true,"valueName":"search_term_string"}}],"inLanguage":"fr-FR"},{"@type":["Person","Organization"],"@id":"https:\/\/romainmottier-art.fr\/#\/schema\/person\/81f7b94ec4ddaba4ef1373803f614d39","name":"Omai","image":{"@type":"ImageObject","inLanguage":"fr-FR","@id":"https:\/\/romainmottier-art.fr\/wp-content\/uploads\/2025\/04\/Romain_icone.jpg","url":"https:\/\/romainmottier-art.fr\/wp-content\/uploads\/2025\/04\/Romain_icone.jpg","contentUrl":"https:\/\/romainmottier-art.fr\/wp-content\/uploads\/2025\/04\/Romain_icone.jpg","width":1662,"height":1663,"caption":"Omai"},"logo":{"@id":"https:\/\/romainmottier-art.fr\/wp-content\/uploads\/2025\/04\/Romain_icone.jpg"},"sameAs":["https:\/\/romainmottier-art.fr","https:\/\/www.instagram.com\/romainmottier\/","https:\/\/www.linkedin.com\/in\/romainmottier\/","https:\/\/x.com\/mottier_romain","https:\/\/www.youtube.com\/@romainmottier1101"]}]}},"_links":{"self":[{"href":"https:\/\/romainmottier-art.fr\/fr\/wp-json\/wp\/v2\/pages\/256","targetHints":{"allow":["GET"]}}],"collection":[{"href":"https:\/\/romainmottier-art.fr\/fr\/wp-json\/wp\/v2\/pages"}],"about":[{"href":"https:\/\/romainmottier-art.fr\/fr\/wp-json\/wp\/v2\/types\/page"}],"author":[{"embeddable":true,"href":"https:\/\/romainmottier-art.fr\/fr\/wp-json\/wp\/v2\/users\/1"}],"replies":[{"embeddable":true,"href":"https:\/\/romainmottier-art.fr\/fr\/wp-json\/wp\/v2\/comments?post=256"}],"version-history":[{"count":10,"href":"https:\/\/romainmottier-art.fr\/fr\/wp-json\/wp\/v2\/pages\/256\/revisions"}],"predecessor-version":[{"id":2682,"href":"https:\/\/romainmottier-art.fr\/fr\/wp-json\/wp\/v2\/pages\/256\/revisions\/2682"}],"wp:attachment":[{"href":"https:\/\/romainmottier-art.fr\/fr\/wp-json\/wp\/v2\/media?parent=256"}],"curies":[{"name":"wp","href":"https:\/\/api.w.org\/{rel}","templated":true}]}}