{"id":231,"date":"2025-04-08T17:16:38","date_gmt":"2025-04-08T17:16:38","guid":{"rendered":"https:\/\/romainmottier-art.fr\/?page_id=231"},"modified":"2025-06-01T16:50:48","modified_gmt":"2025-06-01T16:50:48","slug":"faq","status":"publish","type":"page","link":"https:\/\/romainmottier-art.fr\/fr\/faq\/","title":{"rendered":"FAQ"},"content":{"rendered":"<div data-elementor-type=\"wp-page\" data-elementor-id=\"231\" class=\"elementor elementor-231\">\n\t\t\t\t<div class=\"elementor-element elementor-element-c628c90 e-flex e-con-boxed e-con e-parent\" data-id=\"c628c90\" data-element_type=\"container\" data-e-type=\"container\" data-settings=\"{&quot;background_background&quot;:&quot;classic&quot;}\">\n\t\t\t\t\t<div class=\"e-con-inner\">\n\t\t\t\t<div class=\"elementor-element elementor-element-94b7f55 elementor-widget elementor-widget-spacer\" data-id=\"94b7f55\" data-element_type=\"widget\" data-e-type=\"widget\" data-widget_type=\"spacer.default\">\n\t\t\t\t<div class=\"elementor-widget-container\">\n\t\t\t\t\t\t\t<div class=\"elementor-spacer\">\n\t\t\t<div class=\"elementor-spacer-inner\"><\/div>\n\t\t<\/div>\n\t\t\t\t\t\t<\/div>\n\t\t\t\t<\/div>\n\t\t\t\t\t<\/div>\n\t\t\t\t<\/div>\n\t\t<div class=\"elementor-element elementor-element-cf86565 e-flex e-con-boxed e-con e-parent\" data-id=\"cf86565\" data-element_type=\"container\" data-e-type=\"container\" data-settings=\"{&quot;background_background&quot;:&quot;classic&quot;}\">\n\t\t\t\t\t<div class=\"e-con-inner\">\n\t\t\t\t<div class=\"elementor-element elementor-element-b7e5117 elementor-widget elementor-widget-spacer\" data-id=\"b7e5117\" data-element_type=\"widget\" data-e-type=\"widget\" data-widget_type=\"spacer.default\">\n\t\t\t\t<div class=\"elementor-widget-container\">\n\t\t\t\t\t\t\t<div class=\"elementor-spacer\">\n\t\t\t<div class=\"elementor-spacer-inner\"><\/div>\n\t\t<\/div>\n\t\t\t\t\t\t<\/div>\n\t\t\t\t<\/div>\n\t\t\t\t<div class=\"elementor-element elementor-element-bb39728 elementor-widget__width-initial elementor-widget-mobile__width-initial elementor-widget elementor-widget-heading\" data-id=\"bb39728\" data-element_type=\"widget\" data-e-type=\"widget\" data-widget_type=\"heading.default\">\n\t\t\t\t<div class=\"elementor-widget-container\">\n\t\t\t\t\t<h2 class=\"elementor-heading-title elementor-size-default\">Question fr\u00e9quente<\/h2>\t\t\t\t<\/div>\n\t\t\t\t<\/div>\n\t\t\t\t<div class=\"elementor-element elementor-element-31e93bf elementor-widget-divider--view-line elementor-widget elementor-widget-divider\" data-id=\"31e93bf\" data-element_type=\"widget\" data-e-type=\"widget\" data-widget_type=\"divider.default\">\n\t\t\t\t<div class=\"elementor-widget-container\">\n\t\t\t\t\t\t\t<div class=\"elementor-divider\">\n\t\t\t<span class=\"elementor-divider-separator\">\n\t\t\t\t\t\t<\/span>\n\t\t<\/div>\n\t\t\t\t\t\t<\/div>\n\t\t\t\t<\/div>\n\t\t\t\t<div class=\"elementor-element elementor-element-ffa6296 elementor-widget__width-initial elementor-widget-mobile__width-initial elementor-widget elementor-widget-text-editor\" data-id=\"ffa6296\" data-element_type=\"widget\" data-e-type=\"widget\" data-widget_type=\"text-editor.default\">\n\t\t\t\t<div class=\"elementor-widget-container\">\n\t\t\t\t\t\t\t\t\t<p style=\"text-align: left;\">Voici quelques r\u00e9ponses aux questions fr\u00e9quemment pos\u00e9es sur mes travaux. Si tu a des questions concernant une commande dans ma boutique en ligne, r\u00e9f\u00e8re toi \u00e0 la page <a href=\"https:\/\/romainmottier-art.fr\/fr\/shop-faq\/\"><strong>Boutique FAQ<\/strong><\/a>. Si tu ne trouve pas de r\u00e9ponse \u00e0 tes questions ici, contacte moi \u00e0 l'adresse suivante <b>romainmottier.pro@gmail.com<\/b>. Si tu a des questions concernant la boutique, envoie un message \u00e0 <b>shop.romainmottier.art@gmail.com<\/b><\/p>\t\t\t\t\t\t\t\t<\/div>\n\t\t\t\t<\/div>\n\t\t\t\t\t<\/div>\n\t\t\t\t<\/div>\n\t\t<div class=\"elementor-element elementor-element-ac8b83d e-flex e-con-boxed e-con e-parent\" data-id=\"ac8b83d\" data-element_type=\"container\" data-e-type=\"container\">\n\t\t\t\t\t<div class=\"e-con-inner\">\n\t\t\t\t<div class=\"elementor-element elementor-element-099663c elementor-widget elementor-widget-spacer\" data-id=\"099663c\" data-element_type=\"widget\" data-e-type=\"widget\" data-widget_type=\"spacer.default\">\n\t\t\t\t<div class=\"elementor-widget-container\">\n\t\t\t\t\t\t\t<div class=\"elementor-spacer\">\n\t\t\t<div class=\"elementor-spacer-inner\"><\/div>\n\t\t<\/div>\n\t\t\t\t\t\t<\/div>\n\t\t\t\t<\/div>\n\t\t\t\t<div class=\"elementor-element elementor-element-9c09fef elementor-widget__width-initial elementor-widget-mobile__width-initial elementor-widget elementor-widget-text-editor\" data-id=\"9c09fef\" data-element_type=\"widget\" data-e-type=\"widget\" data-widget_type=\"text-editor.default\">\n\t\t\t\t<div class=\"elementor-widget-container\">\n\t\t\t\t\t\t\t\t\t<p class=\"translation-block\"><b>Q :<\/b> <strong>Combien de temps consacres-tu \u00e0 chaque illustration ?<\/strong><\/p>\n<p><b>R : <\/b>\u00c7a d\u00e9pend, j'ai tendance \u00e0 pr\u00e9f\u00e8rer travailler rapidement avant que l'id\u00e9e ne disparaisse ce qui fait qu'en g\u00e9n\u00e9ral je passe entre 2 et 10 heures sur une illustration<\/p>\n<p><b><\/b><\/p>\n<hr>\n<p><b><br>Q :&nbsp; <\/b><strong> Comment trouve-tu de l'inspiration ?<\/strong><\/p>\n<p><strong>R : <\/strong>L'inspiration peut venir de diverses mani\u00e8res, mais pour moi, elle survient souvent apr\u00e8s avoir pass\u00e9 un bon moment, intense et\/ou immersif, comme lire un bon livre qui t'a aspir\u00e9 pendant plusieurs journ\u00e9es ou regard\u00e9 un film qui te laisse vide de la mani\u00e8re si caract\u00e9ristique aux grandes oeuvres. D\u00e8s que je me plonge dans une histoire, j'ai plein d'id\u00e9e de sc\u00e8nes, qui me viennent !<\/p>\n<hr>\n<p><b><br>Q : Quels outils utilises-tu ?<\/b><\/p>\n<p><strong>R : <\/strong>Pour mes digital paintings, j'utilise plut\u00f4t des logiciels comme <strong>Adobe Photoshop<\/strong> et <strong>Clip Studio Paint<\/strong>, utilisant occasionnellement <strong>Blender<\/strong> pour des blockings 3D, tout \u00e7a gr\u00e2ce a une tablette <strong>Wacom<\/strong> . En ce qui concerne les m\u00e9dias plus traditionnelle, j'aime essay\u00e9 d'explorer le maximum de techniques possible, et en d\u00e9couvrir plein de nouvelles (que je peux int\u00e9grer \u00e0 mon process digital par la suite par exemple!). Je fais donc du dessin au crayon, de l'encrage, de l'aquarelle, de l'acrylic, de la gouache et tout autre chose qui peut me passer par la main :)<\/p>\t\t\t\t\t\t\t\t<\/div>\n\t\t\t\t<\/div>\n\t\t\t\t<div class=\"elementor-element elementor-element-b11c6e5 elementor-widget elementor-widget-spacer\" data-id=\"b11c6e5\" data-element_type=\"widget\" data-e-type=\"widget\" data-widget_type=\"spacer.default\">\n\t\t\t\t<div class=\"elementor-widget-container\">\n\t\t\t\t\t\t\t<div class=\"elementor-spacer\">\n\t\t\t<div class=\"elementor-spacer-inner\"><\/div>\n\t\t<\/div>\n\t\t\t\t\t\t<\/div>\n\t\t\t\t<\/div>\n\t\t\t\t\t<\/div>\n\t\t\t\t<\/div>\n\t\t\t\t<\/div>","protected":false},"excerpt":{"rendered":"<p>Frequently Asked Questions Here are some of the answers to the frequently asked questions about my art. If you have any questions about your order from my online shop, please refer to the Shop FAQ. If you have a question that&#8217;s not answered here, please contact me at romainmottier.pro@gmail.com. If you have shop-related questions, please&#8230;<\/p>","protected":false},"author":1,"featured_media":0,"parent":0,"menu_order":0,"comment_status":"closed","ping_status":"closed","template":"","meta":{"_kad_post_transparent":"","_kad_post_title":"hide","_kad_post_layout":"fullwidth","_kad_post_sidebar_id":"","_kad_post_content_style":"unboxed","_kad_post_vertical_padding":"hide","_kad_post_feature":"hide","_kad_post_feature_position":"","_kad_post_header":false,"_kad_post_footer":false,"footnotes":""},"class_list":["post-231","page","type-page","status-publish","hentry"],"yoast_head":"<!-- This site is optimized with the Yoast SEO plugin v27.2 - https:\/\/yoast.com\/product\/yoast-seo-wordpress\/ -->\n<title>FAQ - Romain Mottier \u2013 Portfolio &amp; Shop<\/title>\n<meta name=\"description\" content=\"Explore the art of Romain Mottier: hand-crafted illustrations, exclusive art prints &amp; customized orders. Visit the online store and portfolio of a French freelance artist.\" \/>\n<meta name=\"robots\" content=\"index, follow, max-snippet:-1, max-image-preview:large, max-video-preview:-1\" \/>\n<link rel=\"canonical\" href=\"https:\/\/romainmottier-art.fr\/fr\/faq\/\" \/>\n<meta property=\"og:locale\" content=\"fr_FR\" \/>\n<meta property=\"og:type\" content=\"article\" \/>\n<meta property=\"og:title\" content=\"FAQ - Romain Mottier \u2013 Portfolio &amp; Shop\" \/>\n<meta property=\"og:description\" content=\"Explore the art of Romain Mottier: hand-crafted illustrations, exclusive art prints &amp; customized orders. Visit the online store and portfolio of a French freelance artist.\" \/>\n<meta property=\"og:url\" content=\"https:\/\/romainmottier-art.fr\/fr\/faq\/\" \/>\n<meta property=\"og:site_name\" content=\"Romain Mottier \u2013 Portfolio &amp; Shop\" \/>\n<meta property=\"article:modified_time\" content=\"2025-06-01T16:50:48+00:00\" \/>\n<meta property=\"og:image\" content=\"https:\/\/romainmottier-art.fr\/wp-content\/uploads\/2025\/05\/Pierrot_Illustration1-Croped-scaled.jpg\" \/>\n\t<meta property=\"og:image:width\" content=\"2560\" \/>\n\t<meta property=\"og:image:height\" content=\"1101\" \/>\n\t<meta property=\"og:image:type\" content=\"image\/jpeg\" \/>\n<meta name=\"twitter:card\" content=\"summary_large_image\" \/>\n<meta name=\"twitter:site\" content=\"@mottier_romain\" \/>\n<meta name=\"twitter:label1\" content=\"Dur\u00e9e de lecture estim\u00e9e\" \/>\n\t<meta name=\"twitter:data1\" content=\"2 minutes\" \/>\n<script type=\"application\/ld+json\" class=\"yoast-schema-graph\">{\"@context\":\"https:\/\/schema.org\",\"@graph\":[{\"@type\":\"WebPage\",\"@id\":\"https:\/\/romainmottier-art.fr\/faq\/\",\"url\":\"https:\/\/romainmottier-art.fr\/faq\/\",\"name\":\"FAQ - Romain Mottier \u2013 Portfolio &amp; Shop\",\"isPartOf\":{\"@id\":\"https:\/\/romainmottier-art.fr\/#website\"},\"datePublished\":\"2025-04-08T17:16:38+00:00\",\"dateModified\":\"2025-06-01T16:50:48+00:00\",\"description\":\"Explore the art of Romain Mottier: hand-crafted illustrations, exclusive art prints & customized orders. Visit the online store and portfolio of a French freelance artist.\",\"breadcrumb\":{\"@id\":\"https:\/\/romainmottier-art.fr\/faq\/#breadcrumb\"},\"inLanguage\":\"fr-FR\",\"potentialAction\":[{\"@type\":\"ReadAction\",\"target\":[\"https:\/\/romainmottier-art.fr\/faq\/\"]}]},{\"@type\":\"BreadcrumbList\",\"@id\":\"https:\/\/romainmottier-art.fr\/faq\/#breadcrumb\",\"itemListElement\":[{\"@type\":\"ListItem\",\"position\":1,\"name\":\"Accueil\",\"item\":\"https:\/\/romainmottier-art.fr\/\"},{\"@type\":\"ListItem\",\"position\":2,\"name\":\"FAQ\"}]},{\"@type\":\"WebSite\",\"@id\":\"https:\/\/romainmottier-art.fr\/#website\",\"url\":\"https:\/\/romainmottier-art.fr\/\",\"name\":\"Romain Mottier \u2013 Portfolio & Shop\",\"description\":\"Portfolio d\u2019illustrations et boutique d\u2019art de Romain Mottier, artiste freelance bas\u00e9 en France.\",\"publisher\":{\"@id\":\"https:\/\/romainmottier-art.fr\/#\/schema\/person\/81f7b94ec4ddaba4ef1373803f614d39\"},\"potentialAction\":[{\"@type\":\"SearchAction\",\"target\":{\"@type\":\"EntryPoint\",\"urlTemplate\":\"https:\/\/romainmottier-art.fr\/?s={search_term_string}\"},\"query-input\":{\"@type\":\"PropertyValueSpecification\",\"valueRequired\":true,\"valueName\":\"search_term_string\"}}],\"inLanguage\":\"fr-FR\"},{\"@type\":[\"Person\",\"Organization\"],\"@id\":\"https:\/\/romainmottier-art.fr\/#\/schema\/person\/81f7b94ec4ddaba4ef1373803f614d39\",\"name\":\"Omai\",\"image\":{\"@type\":\"ImageObject\",\"inLanguage\":\"fr-FR\",\"@id\":\"https:\/\/romainmottier-art.fr\/wp-content\/uploads\/2025\/04\/Romain_icone.jpg\",\"url\":\"https:\/\/romainmottier-art.fr\/wp-content\/uploads\/2025\/04\/Romain_icone.jpg\",\"contentUrl\":\"https:\/\/romainmottier-art.fr\/wp-content\/uploads\/2025\/04\/Romain_icone.jpg\",\"width\":1662,\"height\":1663,\"caption\":\"Omai\"},\"logo\":{\"@id\":\"https:\/\/romainmottier-art.fr\/wp-content\/uploads\/2025\/04\/Romain_icone.jpg\"},\"sameAs\":[\"https:\/\/romainmottier-art.fr\",\"https:\/\/www.instagram.com\/romainmottier\/\",\"https:\/\/www.linkedin.com\/in\/romainmottier\/\",\"https:\/\/x.com\/mottier_romain\",\"https:\/\/www.youtube.com\/@romainmottier1101\"]}]}<\/script>\n<!-- \/ Yoast SEO plugin. -->","yoast_head_json":{"title":"FAQ - Romain Mottier \u2013 Portfolio &amp; Shop","description":"Explore the art of Romain Mottier: hand-crafted illustrations, exclusive art prints & customized orders. Visit the online store and portfolio of a French freelance artist.","robots":{"index":"index","follow":"follow","max-snippet":"max-snippet:-1","max-image-preview":"max-image-preview:large","max-video-preview":"max-video-preview:-1"},"canonical":"https:\/\/romainmottier-art.fr\/fr\/faq\/","og_locale":"fr_FR","og_type":"article","og_title":"FAQ - Romain Mottier \u2013 Portfolio &amp; Shop","og_description":"Explore the art of Romain Mottier: hand-crafted illustrations, exclusive art prints & customized orders. Visit the online store and portfolio of a French freelance artist.","og_url":"https:\/\/romainmottier-art.fr\/fr\/faq\/","og_site_name":"Romain Mottier \u2013 Portfolio &amp; Shop","article_modified_time":"2025-06-01T16:50:48+00:00","og_image":[{"width":2560,"height":1101,"url":"https:\/\/romainmottier-art.fr\/wp-content\/uploads\/2025\/05\/Pierrot_Illustration1-Croped-scaled.jpg","type":"image\/jpeg"}],"twitter_card":"summary_large_image","twitter_site":"@mottier_romain","twitter_misc":{"Dur\u00e9e de lecture estim\u00e9e":"2 minutes"},"schema":{"@context":"https:\/\/schema.org","@graph":[{"@type":"WebPage","@id":"https:\/\/romainmottier-art.fr\/faq\/","url":"https:\/\/romainmottier-art.fr\/faq\/","name":"FAQ - Romain Mottier \u2013 Portfolio &amp; Shop","isPartOf":{"@id":"https:\/\/romainmottier-art.fr\/#website"},"datePublished":"2025-04-08T17:16:38+00:00","dateModified":"2025-06-01T16:50:48+00:00","description":"Explore the art of Romain Mottier: hand-crafted illustrations, exclusive art prints & customized orders. Visit the online store and portfolio of a French freelance artist.","breadcrumb":{"@id":"https:\/\/romainmottier-art.fr\/faq\/#breadcrumb"},"inLanguage":"fr-FR","potentialAction":[{"@type":"ReadAction","target":["https:\/\/romainmottier-art.fr\/faq\/"]}]},{"@type":"BreadcrumbList","@id":"https:\/\/romainmottier-art.fr\/faq\/#breadcrumb","itemListElement":[{"@type":"ListItem","position":1,"name":"Accueil","item":"https:\/\/romainmottier-art.fr\/"},{"@type":"ListItem","position":2,"name":"FAQ"}]},{"@type":"WebSite","@id":"https:\/\/romainmottier-art.fr\/#website","url":"https:\/\/romainmottier-art.fr\/","name":"Romain Mottier \u2013 Portfolio & Shop","description":"Portfolio d\u2019illustrations et boutique d\u2019art de Romain Mottier, artiste freelance bas\u00e9 en France.","publisher":{"@id":"https:\/\/romainmottier-art.fr\/#\/schema\/person\/81f7b94ec4ddaba4ef1373803f614d39"},"potentialAction":[{"@type":"SearchAction","target":{"@type":"EntryPoint","urlTemplate":"https:\/\/romainmottier-art.fr\/?s={search_term_string}"},"query-input":{"@type":"PropertyValueSpecification","valueRequired":true,"valueName":"search_term_string"}}],"inLanguage":"fr-FR"},{"@type":["Person","Organization"],"@id":"https:\/\/romainmottier-art.fr\/#\/schema\/person\/81f7b94ec4ddaba4ef1373803f614d39","name":"Omai","image":{"@type":"ImageObject","inLanguage":"fr-FR","@id":"https:\/\/romainmottier-art.fr\/wp-content\/uploads\/2025\/04\/Romain_icone.jpg","url":"https:\/\/romainmottier-art.fr\/wp-content\/uploads\/2025\/04\/Romain_icone.jpg","contentUrl":"https:\/\/romainmottier-art.fr\/wp-content\/uploads\/2025\/04\/Romain_icone.jpg","width":1662,"height":1663,"caption":"Omai"},"logo":{"@id":"https:\/\/romainmottier-art.fr\/wp-content\/uploads\/2025\/04\/Romain_icone.jpg"},"sameAs":["https:\/\/romainmottier-art.fr","https:\/\/www.instagram.com\/romainmottier\/","https:\/\/www.linkedin.com\/in\/romainmottier\/","https:\/\/x.com\/mottier_romain","https:\/\/www.youtube.com\/@romainmottier1101"]}]}},"_links":{"self":[{"href":"https:\/\/romainmottier-art.fr\/fr\/wp-json\/wp\/v2\/pages\/231","targetHints":{"allow":["GET"]}}],"collection":[{"href":"https:\/\/romainmottier-art.fr\/fr\/wp-json\/wp\/v2\/pages"}],"about":[{"href":"https:\/\/romainmottier-art.fr\/fr\/wp-json\/wp\/v2\/types\/page"}],"author":[{"embeddable":true,"href":"https:\/\/romainmottier-art.fr\/fr\/wp-json\/wp\/v2\/users\/1"}],"replies":[{"embeddable":true,"href":"https:\/\/romainmottier-art.fr\/fr\/wp-json\/wp\/v2\/comments?post=231"}],"version-history":[{"count":113,"href":"https:\/\/romainmottier-art.fr\/fr\/wp-json\/wp\/v2\/pages\/231\/revisions"}],"predecessor-version":[{"id":3553,"href":"https:\/\/romainmottier-art.fr\/fr\/wp-json\/wp\/v2\/pages\/231\/revisions\/3553"}],"wp:attachment":[{"href":"https:\/\/romainmottier-art.fr\/fr\/wp-json\/wp\/v2\/media?parent=231"}],"curies":[{"name":"wp","href":"https:\/\/api.w.org\/{rel}","templated":true}]}}