{"id":1284,"date":"2025-04-11T11:33:37","date_gmt":"2025-04-11T11:33:37","guid":{"rendered":"https:\/\/romainmottier-art.fr\/?page_id=1284"},"modified":"2025-09-19T20:48:19","modified_gmt":"2025-09-19T20:48:19","slug":"shop-faq","status":"publish","type":"page","link":"https:\/\/romainmottier-art.fr\/fr\/shop-faq\/","title":{"rendered":"Boutique FAQ"},"content":{"rendered":"<div data-elementor-type=\"wp-page\" data-elementor-id=\"1284\" class=\"elementor elementor-1284\">\n\t\t\t\t<div class=\"elementor-element elementor-element-c628c90 e-flex e-con-boxed e-con e-parent\" data-id=\"c628c90\" data-element_type=\"container\" data-e-type=\"container\" data-settings=\"{&quot;background_background&quot;:&quot;classic&quot;}\">\n\t\t\t\t\t<div class=\"e-con-inner\">\n\t\t\t\t<div class=\"elementor-element elementor-element-94b7f55 elementor-widget elementor-widget-spacer\" data-id=\"94b7f55\" data-element_type=\"widget\" data-e-type=\"widget\" data-widget_type=\"spacer.default\">\n\t\t\t\t<div class=\"elementor-widget-container\">\n\t\t\t\t\t\t\t<div class=\"elementor-spacer\">\n\t\t\t<div class=\"elementor-spacer-inner\"><\/div>\n\t\t<\/div>\n\t\t\t\t\t\t<\/div>\n\t\t\t\t<\/div>\n\t\t\t\t\t<\/div>\n\t\t\t\t<\/div>\n\t\t<div class=\"elementor-element elementor-element-cf86565 e-flex e-con-boxed e-con e-parent\" data-id=\"cf86565\" data-element_type=\"container\" data-e-type=\"container\" data-settings=\"{&quot;background_background&quot;:&quot;classic&quot;}\">\n\t\t\t\t\t<div class=\"e-con-inner\">\n\t\t\t\t<div class=\"elementor-element elementor-element-b7e5117 elementor-widget elementor-widget-spacer\" data-id=\"b7e5117\" data-element_type=\"widget\" data-e-type=\"widget\" data-widget_type=\"spacer.default\">\n\t\t\t\t<div class=\"elementor-widget-container\">\n\t\t\t\t\t\t\t<div class=\"elementor-spacer\">\n\t\t\t<div class=\"elementor-spacer-inner\"><\/div>\n\t\t<\/div>\n\t\t\t\t\t\t<\/div>\n\t\t\t\t<\/div>\n\t\t\t\t<div class=\"elementor-element elementor-element-bb39728 elementor-widget__width-initial elementor-widget-mobile__width-initial elementor-widget elementor-widget-heading\" data-id=\"bb39728\" data-element_type=\"widget\" data-e-type=\"widget\" data-widget_type=\"heading.default\">\n\t\t\t\t<div class=\"elementor-widget-container\">\n\t\t\t\t\t<h2 class=\"elementor-heading-title elementor-size-default\">Question fr\u00e9quente<\/h2>\t\t\t\t<\/div>\n\t\t\t\t<\/div>\n\t\t\t\t<div class=\"elementor-element elementor-element-31e93bf elementor-widget-divider--view-line elementor-widget elementor-widget-divider\" data-id=\"31e93bf\" data-element_type=\"widget\" data-e-type=\"widget\" data-widget_type=\"divider.default\">\n\t\t\t\t<div class=\"elementor-widget-container\">\n\t\t\t\t\t\t\t<div class=\"elementor-divider\">\n\t\t\t<span class=\"elementor-divider-separator\">\n\t\t\t\t\t\t<\/span>\n\t\t<\/div>\n\t\t\t\t\t\t<\/div>\n\t\t\t\t<\/div>\n\t\t\t\t<div class=\"elementor-element elementor-element-ffa6296 elementor-widget__width-initial elementor-widget-mobile__width-initial elementor-widget elementor-widget-text-editor\" data-id=\"ffa6296\" data-element_type=\"widget\" data-e-type=\"widget\" data-widget_type=\"text-editor.default\">\n\t\t\t\t<div class=\"elementor-widget-container\">\n\t\t\t\t\t\t\t\t\t<p style=\"text-align: left;\">Voici quelques r\u00e9ponses aux questions fr\u00e9quemment pos\u00e9es sur ma boutique. Si tu a des questions concernant ta commande dans ma boutique en ligne, r\u00e9f\u00e8re toi \u00e0 la page <a href=\"https:\/\/romainmottier-art.fr\/fr\/faq\/\"><strong>FAQ<\/strong><\/a>. Si tu ne trouve pas de r\u00e9ponse \u00e0 tes questions ici, contacte moi \u00e0 l'adresse suivante <b>shop.romainmottier.art@gmail.com<\/b>. Si tu a des questions concernant mon travail, envoie un message \u00e0 <b>romainmottier.pro@gmail.com<\/b><\/p>\t\t\t\t\t\t\t\t<\/div>\n\t\t\t\t<\/div>\n\t\t\t\t\t<\/div>\n\t\t\t\t<\/div>\n\t\t<div class=\"elementor-element elementor-element-ac8b83d e-flex e-con-boxed e-con e-parent\" data-id=\"ac8b83d\" data-element_type=\"container\" data-e-type=\"container\">\n\t\t\t\t\t<div class=\"e-con-inner\">\n\t\t\t\t<div class=\"elementor-element elementor-element-099663c elementor-widget elementor-widget-spacer\" data-id=\"099663c\" data-element_type=\"widget\" data-e-type=\"widget\" data-widget_type=\"spacer.default\">\n\t\t\t\t<div class=\"elementor-widget-container\">\n\t\t\t\t\t\t\t<div class=\"elementor-spacer\">\n\t\t\t<div class=\"elementor-spacer-inner\"><\/div>\n\t\t<\/div>\n\t\t\t\t\t\t<\/div>\n\t\t\t\t<\/div>\n\t\t\t\t<div class=\"elementor-element elementor-element-9c09fef elementor-widget__width-initial elementor-widget-mobile__width-initial elementor-widget elementor-widget-text-editor\" data-id=\"9c09fef\" data-element_type=\"widget\" data-e-type=\"widget\" data-widget_type=\"text-editor.default\">\n\t\t\t\t<div class=\"elementor-widget-container\">\n\t\t\t\t\t\t\t\t\t<p><b>Q :<\/b> <strong>Quel type de produit vends-tu ?<\/strong><\/p><p><b>R :<\/b> Je vends une gamme de travaux faits main, passant de sketch originaux \u00e0 des commandes personnalis\u00e9, des peintures original ou des impressions. En g\u00e9n\u00e9ral mon travail s'oriente plut\u00f4t vers de l'illustration, de paysage et de personnage dans des univers fantastiques.<br \/><b><\/b><\/p><hr \/><p><b>Q :\u00a0 <\/b><strong> Puis-je commander un produit fait sur-mesure ?<\/strong><\/p><p><b>R :<\/b> Oui, je propose des commandes personnalis\u00e9s! Si tu a une id\u00e9e en t\u00eate, n'h\u00e9site pas \u00e0 me contacter pour en parler je serai ravi d'en discuter avec toi pour donner vie a ton projet.<\/p><hr \/><p><b><br \/>Q : Comment puis-je commander un de tes produits ?<\/b><\/p><p><b>R :<\/b> Tu peux facilement consulter mes travaux directement sur ma boutique en ligne. Une fois que tu a s\u00e9lectionner un produit, suis simplement le processus de paiement que tu pr\u00e9f\u00e8re et tadaam!<\/p><hr \/><p><b><br \/>Q : Quelles tailles sont disponible pour les impressions ?<\/b><\/p><p><b>R :<\/b> Les impressions que je propose sont de diff\u00e9rentes tailles, vous pourrez trouver sur la boutique du A6, A5 et A4. Des formats personnalis\u00e9s sont disponibles sur demande. Chaque impression est r\u00e9alis\u00e9e sur un papier de haute qualit\u00e9 afin de garantir la meilleure fid\u00e9lit\u00e9 possible \u00e0 l'\u0153uvre originale.<\/p><hr \/><p><b><br \/>Q : Comment envoies-tu tes produits ?<\/b><\/p><p><b>R :<\/b> Toutes les commandes sont exp\u00e9di\u00e9es par des transporteurs de confiance sur des envois nationaux et internationaux. Les frais d'exp\u00e9dition varient en fonction de ton lieu de r\u00e9sidence avec la livraison gratuite \u00e0 partir d'un certain montant de commande, mais pas d'inqui\u00e9tude les prix \n sont transparents au moment du paiement.<\/p><hr \/><p><b><br \/>Q : Puis-je suivre ma commande une fois exp\u00e9di\u00e9e ?<\/b><\/p><p><b>R :<\/b> Cela d\u00e9pend du produit, mais oui si ton produit est concern\u00e9 une fois que t'a commande a \u00e9t\u00e9 exp\u00e9di\u00e9e tu recevra un num\u00e9ro de suivis par email qui te permettra de savoir ou en est la livraison.<\/p><hr \/><p><b><br \/>Q : Accepte tu les retours et \u00e9changes ?<\/b><\/p><p><b>R :<\/b> Chaque pi\u00e8ce \u00e9tant faite \u00e0 la main ou imprim\u00e9e, je n'accepte pas les retours ou les \u00e9changes, sauf en cas de d\u00e9faut du produit. S'il y a un probl\u00e8me avec la commande, contacte moi dans les 7 jours suivant la r\u00e9ception, et je r\u00e9soudrai le probl\u00e8me.<\/p><p>Clique sur <strong><a href=\"https:\/\/romainmottier-art.fr\/fr\/remboursements_retours\/\">ce lien<\/a> <\/strong>pour voir plus d'informations sur notre <strong>politique de Remboursements et d'\u00e9changes<\/strong>.<\/p><hr \/><p><b><br \/>Q : Comment rester au courant des derni\u00e8res informations sur les produits et promotions ?<\/b><\/p><p><b>R :<\/b> Tu peux rejoindre ma Newsletter! Je ne spam pas avec donc tu ne va pas te faire inonder tes mails, \u00e7a te permettra d'avoir les derni\u00e8res informations sur mes nouveaux produits, \u00e9v\u00e8nements et promotions. Tu peux retrouver le lien pour rejoindre en bas de chaque page de mon site.<\/p><hr \/><p><b><br \/>Q : Comment m'occuper de mes tableaux et impressions ?<\/b><\/p><p><b>R :<\/b> Pour assurer la long\u00e9vit\u00e9 de tes produits, je te recommande de l'encadrer sous verre et de le tenir \u00e0 l'\u00e9cart de la lumi\u00e8re directe du soleil. Pour de meilleurs r\u00e9sultats, utilise des mat\u00e9riaux sans acide pour l'encadrement.<\/p><hr \/><p><b><br \/>Q : Quels types de payments acceptes-tu ?<\/b><\/p><p><b>R :<\/b> J'accepte les paiements par PayPal, cartes de cr\u00e9dit et cartes de d\u00e9bit. Tous les paiements sont trait\u00e9s en toute s\u00e9curit\u00e9 par des passerelles de paiement de confiance.<\/p><hr \/><p><b><br \/>Q : Tes \u0153uvres d'art sont-elles disponibles sous licence ?<\/b><\/p><p><b>R :<\/b> Pour l'instant, je ne propose pas de licences pour mes \u0153uvres d'art. Toutefois, si tu souhaite utiliser l'un de mes dessins \u00e0 des fins commerciales, n'h\u00e9sitez pas \u00e0 me contacter pour discuter d'\u00e9ventuels accords de licence.<\/p>\t\t\t\t\t\t\t\t<\/div>\n\t\t\t\t<\/div>\n\t\t\t\t<div class=\"elementor-element elementor-element-b11c6e5 elementor-widget elementor-widget-spacer\" data-id=\"b11c6e5\" data-element_type=\"widget\" data-e-type=\"widget\" data-widget_type=\"spacer.default\">\n\t\t\t\t<div class=\"elementor-widget-container\">\n\t\t\t\t\t\t\t<div class=\"elementor-spacer\">\n\t\t\t<div class=\"elementor-spacer-inner\"><\/div>\n\t\t<\/div>\n\t\t\t\t\t\t<\/div>\n\t\t\t\t<\/div>\n\t\t\t\t\t<\/div>\n\t\t\t\t<\/div>\n\t\t\t\t<\/div>","protected":false},"excerpt":{"rendered":"<p>Frequently Asked Questions Here are some of the answers to the frequently asked questions about my shop. If you have any questions about my art, please refer to the FAQ. If you have a question that&#8217;s not answered here, please contact me at shop.romainmottier.art@gmail.com. If you have an art-related questions, please contact me at romainmottier.pro@gmail.com&#8230;<\/p>","protected":false},"author":1,"featured_media":0,"parent":0,"menu_order":0,"comment_status":"closed","ping_status":"closed","template":"","meta":{"_kad_post_transparent":"","_kad_post_title":"hide","_kad_post_layout":"fullwidth","_kad_post_sidebar_id":"","_kad_post_content_style":"unboxed","_kad_post_vertical_padding":"hide","_kad_post_feature":"hide","_kad_post_feature_position":"","_kad_post_header":false,"_kad_post_footer":false,"footnotes":""},"class_list":["post-1284","page","type-page","status-publish","hentry"],"yoast_head":"<!-- This site is optimized with the Yoast SEO plugin v27.2 - https:\/\/yoast.com\/product\/yoast-seo-wordpress\/ -->\n<title>Shop FAQ - Romain Mottier \u2013 Portfolio &amp; Shop<\/title>\n<meta name=\"description\" content=\"Explore the art of Romain Mottier: hand-crafted illustrations, exclusive art prints &amp; customized orders. Visit the online store and portfolio of a French freelance artist.\" \/>\n<meta name=\"robots\" content=\"index, follow, max-snippet:-1, max-image-preview:large, max-video-preview:-1\" \/>\n<link rel=\"canonical\" href=\"https:\/\/romainmottier-art.fr\/fr\/shop-faq\/\" \/>\n<meta property=\"og:locale\" content=\"fr_FR\" \/>\n<meta property=\"og:type\" content=\"article\" \/>\n<meta property=\"og:title\" content=\"Shop FAQ - Romain Mottier \u2013 Portfolio &amp; Shop\" \/>\n<meta property=\"og:description\" content=\"Explore the art of Romain Mottier: hand-crafted illustrations, exclusive art prints &amp; customized orders. Visit the online store and portfolio of a French freelance artist.\" \/>\n<meta property=\"og:url\" content=\"https:\/\/romainmottier-art.fr\/fr\/shop-faq\/\" \/>\n<meta property=\"og:site_name\" content=\"Romain Mottier \u2013 Portfolio &amp; Shop\" \/>\n<meta property=\"article:modified_time\" content=\"2025-09-19T20:48:19+00:00\" \/>\n<meta property=\"og:image\" content=\"https:\/\/romainmottier-art.fr\/wp-content\/uploads\/2025\/05\/Pierrot_Illustration1-Croped-scaled.jpg\" \/>\n\t<meta property=\"og:image:width\" content=\"2560\" \/>\n\t<meta property=\"og:image:height\" content=\"1101\" \/>\n\t<meta property=\"og:image:type\" content=\"image\/jpeg\" \/>\n<meta name=\"twitter:card\" content=\"summary_large_image\" \/>\n<meta name=\"twitter:site\" content=\"@mottier_romain\" \/>\n<meta name=\"twitter:label1\" content=\"Dur\u00e9e de lecture estim\u00e9e\" \/>\n\t<meta name=\"twitter:data1\" content=\"3 minutes\" \/>\n<script type=\"application\/ld+json\" class=\"yoast-schema-graph\">{\"@context\":\"https:\/\/schema.org\",\"@graph\":[{\"@type\":\"WebPage\",\"@id\":\"https:\/\/romainmottier-art.fr\/shop-faq\/\",\"url\":\"https:\/\/romainmottier-art.fr\/shop-faq\/\",\"name\":\"Shop FAQ - Romain Mottier \u2013 Portfolio &amp; Shop\",\"isPartOf\":{\"@id\":\"https:\/\/romainmottier-art.fr\/#website\"},\"datePublished\":\"2025-04-11T11:33:37+00:00\",\"dateModified\":\"2025-09-19T20:48:19+00:00\",\"description\":\"Explore the art of Romain Mottier: hand-crafted illustrations, exclusive art prints & customized orders. Visit the online store and portfolio of a French freelance artist.\",\"breadcrumb\":{\"@id\":\"https:\/\/romainmottier-art.fr\/shop-faq\/#breadcrumb\"},\"inLanguage\":\"fr-FR\",\"potentialAction\":[{\"@type\":\"ReadAction\",\"target\":[\"https:\/\/romainmottier-art.fr\/shop-faq\/\"]}]},{\"@type\":\"BreadcrumbList\",\"@id\":\"https:\/\/romainmottier-art.fr\/shop-faq\/#breadcrumb\",\"itemListElement\":[{\"@type\":\"ListItem\",\"position\":1,\"name\":\"Accueil\",\"item\":\"https:\/\/romainmottier-art.fr\/\"},{\"@type\":\"ListItem\",\"position\":2,\"name\":\"Shop FAQ\"}]},{\"@type\":\"WebSite\",\"@id\":\"https:\/\/romainmottier-art.fr\/#website\",\"url\":\"https:\/\/romainmottier-art.fr\/\",\"name\":\"Romain Mottier \u2013 Portfolio & Shop\",\"description\":\"Portfolio d\u2019illustrations et boutique d\u2019art de Romain Mottier, artiste freelance bas\u00e9 en France.\",\"publisher\":{\"@id\":\"https:\/\/romainmottier-art.fr\/#\/schema\/person\/81f7b94ec4ddaba4ef1373803f614d39\"},\"potentialAction\":[{\"@type\":\"SearchAction\",\"target\":{\"@type\":\"EntryPoint\",\"urlTemplate\":\"https:\/\/romainmottier-art.fr\/?s={search_term_string}\"},\"query-input\":{\"@type\":\"PropertyValueSpecification\",\"valueRequired\":true,\"valueName\":\"search_term_string\"}}],\"inLanguage\":\"fr-FR\"},{\"@type\":[\"Person\",\"Organization\"],\"@id\":\"https:\/\/romainmottier-art.fr\/#\/schema\/person\/81f7b94ec4ddaba4ef1373803f614d39\",\"name\":\"Omai\",\"image\":{\"@type\":\"ImageObject\",\"inLanguage\":\"fr-FR\",\"@id\":\"https:\/\/romainmottier-art.fr\/wp-content\/uploads\/2025\/04\/Romain_icone.jpg\",\"url\":\"https:\/\/romainmottier-art.fr\/wp-content\/uploads\/2025\/04\/Romain_icone.jpg\",\"contentUrl\":\"https:\/\/romainmottier-art.fr\/wp-content\/uploads\/2025\/04\/Romain_icone.jpg\",\"width\":1662,\"height\":1663,\"caption\":\"Omai\"},\"logo\":{\"@id\":\"https:\/\/romainmottier-art.fr\/wp-content\/uploads\/2025\/04\/Romain_icone.jpg\"},\"sameAs\":[\"https:\/\/romainmottier-art.fr\",\"https:\/\/www.instagram.com\/romainmottier\/\",\"https:\/\/www.linkedin.com\/in\/romainmottier\/\",\"https:\/\/x.com\/mottier_romain\",\"https:\/\/www.youtube.com\/@romainmottier1101\"]}]}<\/script>\n<!-- \/ Yoast SEO plugin. -->","yoast_head_json":{"title":"Shop FAQ - Romain Mottier \u2013 Portfolio &amp; Shop","description":"Explore the art of Romain Mottier: hand-crafted illustrations, exclusive art prints & customized orders. Visit the online store and portfolio of a French freelance artist.","robots":{"index":"index","follow":"follow","max-snippet":"max-snippet:-1","max-image-preview":"max-image-preview:large","max-video-preview":"max-video-preview:-1"},"canonical":"https:\/\/romainmottier-art.fr\/fr\/shop-faq\/","og_locale":"fr_FR","og_type":"article","og_title":"Shop FAQ - Romain Mottier \u2013 Portfolio &amp; Shop","og_description":"Explore the art of Romain Mottier: hand-crafted illustrations, exclusive art prints & customized orders. Visit the online store and portfolio of a French freelance artist.","og_url":"https:\/\/romainmottier-art.fr\/fr\/shop-faq\/","og_site_name":"Romain Mottier \u2013 Portfolio &amp; Shop","article_modified_time":"2025-09-19T20:48:19+00:00","og_image":[{"width":2560,"height":1101,"url":"https:\/\/romainmottier-art.fr\/wp-content\/uploads\/2025\/05\/Pierrot_Illustration1-Croped-scaled.jpg","type":"image\/jpeg"}],"twitter_card":"summary_large_image","twitter_site":"@mottier_romain","twitter_misc":{"Dur\u00e9e de lecture estim\u00e9e":"3 minutes"},"schema":{"@context":"https:\/\/schema.org","@graph":[{"@type":"WebPage","@id":"https:\/\/romainmottier-art.fr\/shop-faq\/","url":"https:\/\/romainmottier-art.fr\/shop-faq\/","name":"Shop FAQ - Romain Mottier \u2013 Portfolio &amp; Shop","isPartOf":{"@id":"https:\/\/romainmottier-art.fr\/#website"},"datePublished":"2025-04-11T11:33:37+00:00","dateModified":"2025-09-19T20:48:19+00:00","description":"Explore the art of Romain Mottier: hand-crafted illustrations, exclusive art prints & customized orders. Visit the online store and portfolio of a French freelance artist.","breadcrumb":{"@id":"https:\/\/romainmottier-art.fr\/shop-faq\/#breadcrumb"},"inLanguage":"fr-FR","potentialAction":[{"@type":"ReadAction","target":["https:\/\/romainmottier-art.fr\/shop-faq\/"]}]},{"@type":"BreadcrumbList","@id":"https:\/\/romainmottier-art.fr\/shop-faq\/#breadcrumb","itemListElement":[{"@type":"ListItem","position":1,"name":"Accueil","item":"https:\/\/romainmottier-art.fr\/"},{"@type":"ListItem","position":2,"name":"Shop FAQ"}]},{"@type":"WebSite","@id":"https:\/\/romainmottier-art.fr\/#website","url":"https:\/\/romainmottier-art.fr\/","name":"Romain Mottier \u2013 Portfolio & Shop","description":"Portfolio d\u2019illustrations et boutique d\u2019art de Romain Mottier, artiste freelance bas\u00e9 en France.","publisher":{"@id":"https:\/\/romainmottier-art.fr\/#\/schema\/person\/81f7b94ec4ddaba4ef1373803f614d39"},"potentialAction":[{"@type":"SearchAction","target":{"@type":"EntryPoint","urlTemplate":"https:\/\/romainmottier-art.fr\/?s={search_term_string}"},"query-input":{"@type":"PropertyValueSpecification","valueRequired":true,"valueName":"search_term_string"}}],"inLanguage":"fr-FR"},{"@type":["Person","Organization"],"@id":"https:\/\/romainmottier-art.fr\/#\/schema\/person\/81f7b94ec4ddaba4ef1373803f614d39","name":"Omai","image":{"@type":"ImageObject","inLanguage":"fr-FR","@id":"https:\/\/romainmottier-art.fr\/wp-content\/uploads\/2025\/04\/Romain_icone.jpg","url":"https:\/\/romainmottier-art.fr\/wp-content\/uploads\/2025\/04\/Romain_icone.jpg","contentUrl":"https:\/\/romainmottier-art.fr\/wp-content\/uploads\/2025\/04\/Romain_icone.jpg","width":1662,"height":1663,"caption":"Omai"},"logo":{"@id":"https:\/\/romainmottier-art.fr\/wp-content\/uploads\/2025\/04\/Romain_icone.jpg"},"sameAs":["https:\/\/romainmottier-art.fr","https:\/\/www.instagram.com\/romainmottier\/","https:\/\/www.linkedin.com\/in\/romainmottier\/","https:\/\/x.com\/mottier_romain","https:\/\/www.youtube.com\/@romainmottier1101"]}]}},"_links":{"self":[{"href":"https:\/\/romainmottier-art.fr\/fr\/wp-json\/wp\/v2\/pages\/1284","targetHints":{"allow":["GET"]}}],"collection":[{"href":"https:\/\/romainmottier-art.fr\/fr\/wp-json\/wp\/v2\/pages"}],"about":[{"href":"https:\/\/romainmottier-art.fr\/fr\/wp-json\/wp\/v2\/types\/page"}],"author":[{"embeddable":true,"href":"https:\/\/romainmottier-art.fr\/fr\/wp-json\/wp\/v2\/users\/1"}],"replies":[{"embeddable":true,"href":"https:\/\/romainmottier-art.fr\/fr\/wp-json\/wp\/v2\/comments?post=1284"}],"version-history":[{"count":37,"href":"https:\/\/romainmottier-art.fr\/fr\/wp-json\/wp\/v2\/pages\/1284\/revisions"}],"predecessor-version":[{"id":3964,"href":"https:\/\/romainmottier-art.fr\/fr\/wp-json\/wp\/v2\/pages\/1284\/revisions\/3964"}],"wp:attachment":[{"href":"https:\/\/romainmottier-art.fr\/fr\/wp-json\/wp\/v2\/media?parent=1284"}],"curies":[{"name":"wp","href":"https:\/\/api.w.org\/{rel}","templated":true}]}}